{"id":5574,"date":"2024-11-23T03:27:11","date_gmt":"2024-11-23T03:27:11","guid":{"rendered":"https:\/\/dragonfulfill.com\/?page_id=5574"},"modified":"2024-12-04T10:05:00","modified_gmt":"2024-12-04T10:05:00","slug":"politica-de-cookies","status":"publish","type":"page","link":"https:\/\/dragonfulfill.com\/pt\/politica-de-cookies\/","title":{"rendered":"Pol\u00edtica de cookies"},"content":{"rendered":"<div data-elementor-type=\"wp-page\" data-elementor-id=\"5574\" class=\"elementor elementor-5574\" data-elementor-post-type=\"page\">\n\t\t\t\t<div class=\"elementor-element elementor-element-5855ead e-flex e-con-boxed e-con e-parent\" data-id=\"5855ead\" data-element_type=\"container\" data-settings=\"{&quot;ekit_has_onepagescroll_dot&quot;:&quot;yes&quot;}\">\n\t\t\t\t\t<div class=\"e-con-inner\">\n\t\t\t\t<div class=\"elementor-element elementor-element-71bbc05d elementor-widget elementor-widget-text-editor\" data-id=\"71bbc05d\" data-element_type=\"widget\" data-settings=\"{&quot;ekit_we_effect_on&quot;:&quot;none&quot;}\" data-widget_type=\"text-editor.default\">\n\t\t\t\t<div class=\"elementor-widget-container\">\n\t\t\t\t\t\t\t\t\t\n<h3 class=\"wp-block-heading\">Pol\u00edtica de cookies<\/h3>\n\n<p>\u00a0<\/p>\n<p><strong>\u00daltima atualiza\u00e7\u00e3o:<\/strong> 11.23. 2024<\/p>\n\n<p>A DragonFulfill (\u201cn\u00f3s\u201d, \u201cn\u00f3s\u201d ou \u201cnosso\u201d) utiliza cookies no site\u00a0<a href=\"https:\/\/dragonfulfill.com\/pt\/\" target=\"_blank\" rel=\"noopener\">https:\/\/dragonfulfill.com<\/a> (o \u201cServi\u00e7o\u201d). Ao utilizar o Servi\u00e7o, o utilizador concorda com a utiliza\u00e7\u00e3o de cookies.<\/p>\n\n<p>Esta Pol\u00edtica de Cookies explica o que s\u00e3o cookies, como os utilizamos, como os parceiros terceiros podem utilizar cookies no Servi\u00e7o, as suas escolhas relativamente aos cookies e informa\u00e7\u00f5es adicionais sobre cookies.<\/p>\n<hr class=\"wp-block-separator has-alpha-channel-opacity\" \/>\n<h4 class=\"wp-block-heading\">O que s\u00e3o cookies?<\/h4>\n\n<p>Os cookies s\u00e3o pequenos textos enviados pelo seu browser a partir de um s\u00edtio Web que visita. S\u00e3o armazenados no seu browser e permitem que o Servi\u00e7o ou um terceiro o reconhe\u00e7a, melhorando a sua experi\u00eancia em visitas subsequentes.<\/p>\n\n<p>As bolachas podem ser<\/p>\n\n<ul class=\"wp-block-list\">\n<li><strong>Cookies persistentes<\/strong>: Estes permanecem no seu computador ou dispositivo m\u00f3vel quando fica offline.<\/li>\n\n<li><strong>Cookies de sess\u00e3o<\/strong>: Estes s\u00e3o eliminados quando fecha o seu navegador Web.<\/li>\n<\/ul>\n<hr class=\"wp-block-separator has-alpha-channel-opacity\" \/>\n<h4 class=\"wp-block-heading\">Como \u00e9 que a DragonFulfill utiliza os cookies<\/h4>\n\n<p>Quando utiliza e acede ao nosso Servi\u00e7o, podemos colocar muitos cookies no seu navegador Web. Estes cookies ajudam-nos a proporcionar-lhe uma experi\u00eancia perfeita e a garantir a funcionalidade do nosso Servi\u00e7o.<\/p>\n\n<p>Utilizamos cookies para os seguintes fins:<\/p>\n\n<ul class=\"wp-block-list\">\n<li><strong>Para permitir determinadas fun\u00e7\u00f5es essenciais<\/strong> do Servi\u00e7o.<\/li>\n\n<li><strong>Para fornecer an\u00e1lises<\/strong> para melhorar o nosso Servi\u00e7o.<\/li>\n\n<li><strong>Para guardar as suas prefer\u00eancias<\/strong> e personalizar a sua experi\u00eancia.<\/li>\n\n<li><strong>Para permitir a entrega de an\u00fancios<\/strong>, incluindo publicidade comportamental adaptada aos interesses do utilizador.<\/li>\n<\/ul>\n<hr class=\"wp-block-separator has-alpha-channel-opacity\" \/>\n<h4 class=\"wp-block-heading\">Cookies de terceiros<\/h4>\n\n<p>Para al\u00e9m dos nossos pr\u00f3prios cookies, tamb\u00e9m podemos utilizar cookies de servi\u00e7os de terceiros de confian\u00e7a para:<\/p>\n\n<ul class=\"wp-block-list\">\n<li>Acompanhar e analisar as estat\u00edsticas de utiliza\u00e7\u00e3o.<\/li>\n\n<li>Apresentar an\u00fancios atrav\u00e9s de redes de afiliados ou plataformas de publicidade.<\/li>\n\n<li>Fornecer funcionalidades adicionais atrav\u00e9s de integra\u00e7\u00f5es ou plug-ins.<\/li>\n<\/ul>\n<hr class=\"wp-block-separator has-alpha-channel-opacity\" \/>\n<h4 class=\"wp-block-heading\">As suas escolhas relativamente aos cookies<\/h4>\n\n<p>Se pretender apagar os cookies ou dar instru\u00e7\u00f5es ao seu navegador para recusar cookies, consulte a sec\u00e7\u00e3o de ajuda do seu navegador. No entanto, tenha em aten\u00e7\u00e3o que a desativa\u00e7\u00e3o dos cookies pode afetar a funcionalidade de determinadas carater\u00edsticas do nosso s\u00edtio Web.<\/p>\n\n<p>Guias \u00fateis para gerir cookies em browsers populares:<\/p>\n\n<ul class=\"wp-block-list\">\n<li>Para <strong>Cromado<\/strong>, visite o <a>P\u00e1gina de ajuda do Google Chrome<\/a>.<\/li>\n\n<li>Para <strong>Internet Explorer<\/strong>, visite o <a href=\"https:\/\/support.microsoft.com\/en-us\/help\/278835\" target=\"_blank\" rel=\"noopener\">P\u00e1gina de Ajuda da Microsoft<\/a>.<\/li>\n\n<li>Para <strong>Firefox<\/strong>, visite o <a href=\"https:\/\/support.mozilla.org\/en-US\/kb\/clear-cookies-and-site-data-firefox\" target=\"_blank\" rel=\"noopener\">P\u00e1gina de ajuda do Mozilla Firefox<\/a>.<\/li>\n\n<li>Para <strong>Safari<\/strong>, visite o <a href=\"https:\/\/support.apple.com\/guide\/safari\/manage-cookies-and-website-data-sfri11471\/mac\" target=\"_blank\" rel=\"noopener\">P\u00e1gina de ajuda da Apple<\/a>.<\/li>\n<\/ul>\n<hr class=\"wp-block-separator has-alpha-channel-opacity\" \/>\n<h4 class=\"wp-block-heading\">Mais informa\u00e7\u00f5es<\/h4>\n\n<p>Para saber mais sobre cookies e como os gerir ou desativar, visite <a href=\"https:\/\/www.allaboutcookies.org\" target=\"_blank\" rel=\"noopener\">Tudo sobre cookies<\/a>.<\/p>\n\n<p>Se tiver alguma d\u00favida sobre a nossa utiliza\u00e7\u00e3o de cookies ou outras tecnologias, envie-nos um e-mail para doreen@dragonfulfill.com.<\/p>\n\t\t\t\t\t\t\t\t<\/div>\n\t\t\t\t<\/div>\n\t\t\t\t\t<\/div>\n\t\t\t\t<\/div>\n\t\t\t\t<\/div>","protected":false},"excerpt":{"rendered":"<p>Cookies Policy \u00a0 Last updated: 11.23. 2024 DragonFulfill (&#8220;us,&#8221; &#8220;we,&#8221; or &#8220;our&#8221;) uses cookies on the\u00a0https:\/\/dragonfulfill.com website (the &#8220;Service&#8221;).\u00a0By using the Service, you consent to the use of cookies. This Cookies Policy explains what cookies are, how we use them, how third-party partners may use cookies on the Service, your choices regarding cookies, and additional [&hellip;]<\/p>","protected":false},"author":1,"featured_media":0,"parent":0,"menu_order":0,"comment_status":"closed","ping_status":"closed","template":"","meta":{"postBodyCss":"","postBodyMargin":[],"postBodyPadding":[],"postBodyBackground":{"backgroundType":"classic","gradient":""},"footnotes":""},"class_list":["post-5574","page","type-page","status-publish","hentry"],"_links":{"self":[{"href":"https:\/\/dragonfulfill.com\/pt\/wp-json\/wp\/v2\/pages\/5574","targetHints":{"allow":["GET"]}}],"collection":[{"href":"https:\/\/dragonfulfill.com\/pt\/wp-json\/wp\/v2\/pages"}],"about":[{"href":"https:\/\/dragonfulfill.com\/pt\/wp-json\/wp\/v2\/types\/page"}],"author":[{"embeddable":true,"href":"https:\/\/dragonfulfill.com\/pt\/wp-json\/wp\/v2\/users\/1"}],"replies":[{"embeddable":true,"href":"https:\/\/dragonfulfill.com\/pt\/wp-json\/wp\/v2\/comments?post=5574"}],"version-history":[{"count":7,"href":"https:\/\/dragonfulfill.com\/pt\/wp-json\/wp\/v2\/pages\/5574\/revisions"}],"predecessor-version":[{"id":5700,"href":"https:\/\/dragonfulfill.com\/pt\/wp-json\/wp\/v2\/pages\/5574\/revisions\/5700"}],"wp:attachment":[{"href":"https:\/\/dragonfulfill.com\/pt\/wp-json\/wp\/v2\/media?parent=5574"}],"curies":[{"name":"wp","href":"https:\/\/api.w.org\/{rel}","templated":true}]}}