{"id":4538,"date":"2024-09-20T03:25:25","date_gmt":"2024-09-20T02:25:25","guid":{"rendered":"https:\/\/dragonfulfill.com\/?page_id=4538"},"modified":"2025-03-22T16:00:03","modified_gmt":"2025-03-22T16:00:03","slug":"politica-de-privacidade","status":"publish","type":"page","link":"https:\/\/dragonfulfill.com\/pt\/politica-de-privacidade\/","title":{"rendered":"Pol\u00edtica de privacidade"},"content":{"rendered":"<div data-elementor-type=\"wp-page\" data-elementor-id=\"4538\" class=\"elementor elementor-4538\" data-elementor-post-type=\"page\">\n\t\t\t\t<div class=\"elementor-element elementor-element-726b8397 e-flex e-con-boxed e-con e-parent\" data-id=\"726b8397\" data-element_type=\"container\" data-settings=\"{&quot;background_background&quot;:&quot;gradient&quot;,&quot;ekit_has_onepagescroll_dot&quot;:&quot;yes&quot;}\">\n\t\t\t\t\t<div class=\"e-con-inner\">\n\t\t<div class=\"elementor-element elementor-element-a6cb65a e-flex e-con-boxed e-con e-child\" data-id=\"a6cb65a\" data-element_type=\"container\" data-settings=\"{&quot;ekit_has_onepagescroll_dot&quot;:&quot;yes&quot;}\">\n\t\t\t\t\t<div class=\"e-con-inner\">\n\t\t\t\t<div class=\"elementor-element elementor-element-5cb62ec8 elementor-invisible elementor-widget elementor-widget-heading\" data-id=\"5cb62ec8\" data-element_type=\"widget\" data-settings=\"{&quot;_animation&quot;:&quot;fadeInUp&quot;,&quot;ekit_we_effect_on&quot;:&quot;none&quot;}\" data-widget_type=\"heading.default\">\n\t\t\t\t<div class=\"elementor-widget-container\">\n\t\t\t\t\t<h1 class=\"elementor-heading-title elementor-size-default\">Pol\u00edtica de privacidade<\/h1>\t\t\t\t<\/div>\n\t\t\t\t<\/div>\n\t\t\t\t\t<\/div>\n\t\t\t\t<\/div>\n\t\t\t\t\t<\/div>\n\t\t\t\t<\/div>\n\t\t<div class=\"elementor-element elementor-element-33848a37 e-flex e-con-boxed e-con e-parent\" data-id=\"33848a37\" data-element_type=\"container\" data-settings=\"{&quot;ekit_has_onepagescroll_dot&quot;:&quot;yes&quot;}\">\n\t\t\t\t\t<div class=\"e-con-inner\">\n\t\t\t\t<div class=\"elementor-element elementor-element-327f7c4a elementor-widget elementor-widget-text-editor\" data-id=\"327f7c4a\" data-element_type=\"widget\" data-settings=\"{&quot;ekit_we_effect_on&quot;:&quot;none&quot;}\" data-widget_type=\"text-editor.default\">\n\t\t\t\t<div class=\"elementor-widget-container\">\n\t\t\t\t\t\t\t\t\t<p><\/p>\n<p>A sua privacidade \u00e9 importante para n\u00f3s. A pol\u00edtica da DragonFulfill \u00e9 respeitar a sua privacidade e cumprir com as leis e regulamentos aplic\u00e1veis em rela\u00e7\u00e3o a qualquer informa\u00e7\u00e3o pessoal que possamos recolher sobre si, incluindo no nosso site, <a href=\"https:\/\/dragonfulfill.com\/pt\/\">https:\/\/dragonfulfill.com<\/a>, e outros s\u00edtios que possu\u00edmos e operamos.<\/p>\n<p><\/p>\n<p><\/p>\n<p>Esta pol\u00edtica entra em vigor em 20 de setembro de 2024 e foi actualizada pela \u00faltima vez em 20 de setembro de 2024.<\/p>\n<p><\/p>\n<p><\/p>\n<h3 class=\"wp-block-heading\">Informa\u00e7\u00f5es que recolhemos<\/h3>\n<p><\/p>\n<p><\/p>\n<p>Recolhemos informa\u00e7\u00f5es que o utilizador fornece de forma consciente e ativa quando utiliza os nossos servi\u00e7os e dados enviados automaticamente pelos seus dispositivos quando acede aos nossos produtos ou servi\u00e7os.<\/p>\n<p><\/p>\n<p><\/p>\n<h4 class=\"wp-block-heading\">Dados de registo<\/h4>\n<p><\/p>\n<p><\/p>\n<p>Quando o utilizador visita o nosso s\u00edtio Web, os nossos servidores podem registar automaticamente dados padr\u00e3o fornecidos pelo seu navegador Web. Estes dados podem incluir o endere\u00e7o IP (Internet Protocol) do seu dispositivo, o tipo e a vers\u00e3o do browser, as p\u00e1ginas que visita, a hora e a data da sua visita, o tempo passado em cada p\u00e1gina e outros pormenores. Embora estes dados n\u00e3o o identifiquem, podem ser combinados com outras informa\u00e7\u00f5es para identificar utilizadores individuais.<\/p>\n<p><\/p>\n<p><\/p>\n<h4 class=\"wp-block-heading\">Informa\u00e7\u00f5es pessoais<\/h4>\n<p><\/p>\n<p><\/p>\n<p>Podemos solicitar informa\u00e7\u00f5es pessoais, tais como<\/p>\n<p><\/p>\n<p><\/p>\n<ul class=\"wp-block-list\">\n<li style=\"list-style-type: none;\">\n<ul><\/ul>\n<\/li>\n<\/ul>\n<p>\u00a0<\/p>\n<ul>\n<li style=\"list-style-type: none;\">\n<ul>\n<li>Nome<\/li>\n<\/ul>\n<\/li>\n<\/ul>\n<p><\/p>\n<p><\/p>\n<ul>\n<li style=\"list-style-type: none;\">\n<ul>\n<li>Endere\u00e7o de correio eletr\u00f3nico<\/li>\n<\/ul>\n<\/li>\n<\/ul>\n<p><\/p>\n<p><\/p>\n<p><\/p>\n<h3 class=\"wp-block-heading\">Raz\u00f5es leg\u00edtimas para processar as suas informa\u00e7\u00f5es pessoais<\/h3>\n<p><\/p>\n<p><\/p>\n<p>Apenas recolhemos e utilizamos as suas informa\u00e7\u00f5es pessoais quando temos uma raz\u00e3o leg\u00edtima para o fazer. Recolhemos as informa\u00e7\u00f5es necess\u00e1rias para prestar os nossos servi\u00e7os ao utilizador.<\/p>\n<p><\/p>\n<p><\/p>\n<h3 class=\"wp-block-heading\">Recolha e utiliza\u00e7\u00e3o de informa\u00e7\u00f5es<\/h3>\n<p><\/p>\n<p><\/p>\n<p>Podemos recolher informa\u00e7\u00f5es pessoais do utilizador quando este:<\/p>\n<p><\/p>\n<p><\/p>\n<ul class=\"wp-block-list\">\n<li style=\"list-style-type: none;\">\n<ul><\/ul>\n<\/li>\n<\/ul>\n<p>\u00a0<\/p>\n<ul>\n<li style=\"list-style-type: none;\">\n<ul>\n<li>Aceder ao nosso conte\u00fado atrav\u00e9s de um dispositivo m\u00f3vel ou de um navegador Web<\/li>\n<\/ul>\n<\/li>\n<\/ul>\n<p><\/p>\n<p><\/p>\n<ul>\n<li style=\"list-style-type: none;\">\n<ul>\n<li>Contactar-nos por correio eletr\u00f3nico, redes sociais ou tecnologias semelhantes<\/li>\n<\/ul>\n<\/li>\n<\/ul>\n<p><\/p>\n<p><\/p>\n<ul>\n<li style=\"list-style-type: none;\">\n<ul>\n<li>Interagir connosco ou mencionar-nos nas redes sociais<\/li>\n<\/ul>\n<\/li>\n<\/ul>\n<p><\/p>\n<p><\/p>\n<p><\/p>\n<p>Podemos recolher, guardar, utilizar e divulgar informa\u00e7\u00f5es pessoais para os seguintes fins:<\/p>\n<p><\/p>\n<p><\/p>\n<ul class=\"wp-block-list\">\n<li style=\"list-style-type: none;\">\n<ul><\/ul>\n<\/li>\n<\/ul>\n<p>\u00a0<\/p>\n<ul>\n<li style=\"list-style-type: none;\">\n<ul>\n<li>Para personalizar a experi\u00eancia do utilizador no nosso s\u00edtio Web<\/li>\n<\/ul>\n<\/li>\n<\/ul>\n<p><\/p>\n<p><\/p>\n<ul>\n<li style=\"list-style-type: none;\">\n<ul>\n<li>Para an\u00e1lise, pesquisa de mercado e desenvolvimento de neg\u00f3cios, inclusive para operar e melhorar nosso site e servi\u00e7os<\/li>\n<\/ul>\n<\/li>\n<\/ul>\n<p><\/p>\n<p><\/p>\n<p><\/p>\n<h3 class=\"wp-block-heading\">Seguran\u00e7a das suas informa\u00e7\u00f5es pessoais<\/h3>\n<p><\/p>\n<p><\/p>\n<p>Protegemos as informa\u00e7\u00f5es pessoais que recolhemos e processamos utilizando meios comercialmente aceit\u00e1veis para impedir o acesso, a divulga\u00e7\u00e3o, a c\u00f3pia, a utiliza\u00e7\u00e3o ou a modifica\u00e7\u00e3o n\u00e3o autorizados. No entanto, nenhum m\u00e9todo de transmiss\u00e3o ou armazenamento eletr\u00f3nico \u00e9 100% seguro, pelo que n\u00e3o podemos garantir a seguran\u00e7a absoluta dos dados.<\/p>\n<p><\/p>\n<p><\/p>\n<h3 class=\"wp-block-heading\">Durante quanto tempo conservamos as suas informa\u00e7\u00f5es pessoais<\/h3>\n<p><\/p>\n<p><\/p>\n<p>Conservamos as suas informa\u00e7\u00f5es pessoais apenas durante o tempo necess\u00e1rio. Se j\u00e1 n\u00e3o forem necess\u00e1rias, ser\u00e3o eliminadas ou tornadas an\u00f3nimas. No entanto, podemos reter dados para cumprir obriga\u00e7\u00f5es legais, interesse p\u00fablico, investiga\u00e7\u00e3o ou fins estat\u00edsticos.<\/p>\n<p><\/p>\n<p><\/p>\n<h3 class=\"wp-block-heading\">Privacidade das crian\u00e7as<\/h3>\n<p><\/p>\n<p><\/p>\n<p>Os nossos servi\u00e7os n\u00e3o s\u00e3o dirigidos a crian\u00e7as com menos de 13 anos e n\u00e3o recolhemos intencionalmente informa\u00e7\u00f5es pessoais de crian\u00e7as com menos de 13 anos.<\/p>\n<p><\/p>\n<p><\/p>\n<h3 class=\"wp-block-heading\">Transfer\u00eancias internacionais de informa\u00e7\u00f5es pessoais<\/h3>\n<p><\/p>\n<p><\/p>\n<p>Podemos armazenar ou processar as suas informa\u00e7\u00f5es em locais fora do seu pa\u00eds de origem, potencialmente com leis de prote\u00e7\u00e3o de dados diferentes. Se as suas informa\u00e7\u00f5es pessoais forem transferidas internacionalmente, proteg\u00ea-las-emos conforme descrito nesta pol\u00edtica.<\/p>\n<p><\/p>\n<p><\/p>\n<h3 class=\"wp-block-heading\">Os seus direitos e o controlo das suas informa\u00e7\u00f5es pessoais<\/h3>\n<p><\/p>\n<p><\/p>\n<p>O utilizador mant\u00e9m o direito de reter informa\u00e7\u00f5es pessoais e pode solicitar informa\u00e7\u00f5es pormenorizadas sobre quaisquer informa\u00e7\u00f5es pessoais que tenhamos sobre si. Tamb\u00e9m pode solicitar correc\u00e7\u00f5es ou elimina\u00e7\u00f5es dos seus dados, e tomaremos medidas razo\u00e1veis para garantir que s\u00e3o exactos e actualizados.<\/p>\n<p><\/p>\n<p><\/p>\n<h3 class=\"wp-block-heading\">Utiliza\u00e7\u00e3o de cookies<\/h3>\n<p><\/p>\n<p><\/p>\n<p>Utilizamos \u201ccookies\u201d para recolher informa\u00e7\u00f5es sobre a sua atividade no nosso s\u00edtio. Um cookie \u00e9 um pequeno peda\u00e7o de dados armazenado no seu dispositivo que nos permite reconhecer as suas prefer\u00eancias e melhorar a sua experi\u00eancia.<\/p>\n<p><\/p>\n<p><\/p>\n<h3 class=\"wp-block-heading\">Limites da nossa pol\u00edtica<\/h3>\n<p><\/p>\n<p><\/p>\n<p>O nosso s\u00edtio Web pode ter liga\u00e7\u00f5es a s\u00edtios externos que n\u00e3o s\u00e3o geridos por n\u00f3s. N\u00e3o somos respons\u00e1veis pelo conte\u00fado ou pelas pr\u00e1ticas de privacidade desses s\u00edtios.<\/p>\n<p><\/p>\n<p><\/p>\n<h3 class=\"wp-block-heading\">Altera\u00e7\u00f5es a esta pol\u00edtica<\/h3>\n<p><\/p>\n<p><\/p>\n<p>Poderemos atualizar esta pol\u00edtica para refletir altera\u00e7\u00f5es nas nossas pr\u00e1ticas comerciais ou requisitos legais. Quaisquer altera\u00e7\u00f5es ser\u00e3o publicadas aqui e o utilizador ser\u00e1 notificado conforme exigido por lei.<\/p>\n<p><\/p>\n<p><\/p>\n<h3 class=\"wp-block-heading\">Contactar-nos<\/h3>\n<p><\/p>\n<p><\/p>\n<p>Se tiver alguma d\u00favida ou preocupa\u00e7\u00e3o sobre a sua privacidade, pode contactar-nos atrav\u00e9s do seguinte endere\u00e7o<\/p>\n<p><\/p>\n<p><\/p>\n<p>Doreen<br \/><a href=\"https:\/\/dragonfulfill.com\/pt\/\">https:\/\/dragonfulfill.com<\/a><\/p>\n<p><\/p>\t\t\t\t\t\t\t\t<\/div>\n\t\t\t\t<\/div>\n\t\t\t\t\t<\/div>\n\t\t\t\t<\/div>\n\t\t\t\t<\/div>","protected":false},"excerpt":{"rendered":"<p>Privacy Policy Your privacy is important to us. DragonFulfill&#8217;s policy is to respect your privacy and comply with applicable laws and regulations regarding any personal information we may collect about you, including on our website, https:\/\/dragonfulfill.com, and other sites we own and operate. This policy is effective as of the 20th of September 2024 and [&hellip;]<\/p>","protected":false},"author":1,"featured_media":0,"parent":0,"menu_order":0,"comment_status":"closed","ping_status":"closed","template":"","meta":{"postBodyCss":"","postBodyMargin":[],"postBodyPadding":[],"postBodyBackground":{"backgroundType":"classic","gradient":""},"footnotes":""},"class_list":["post-4538","page","type-page","status-publish","hentry"],"_links":{"self":[{"href":"https:\/\/dragonfulfill.com\/pt\/wp-json\/wp\/v2\/pages\/4538","targetHints":{"allow":["GET"]}}],"collection":[{"href":"https:\/\/dragonfulfill.com\/pt\/wp-json\/wp\/v2\/pages"}],"about":[{"href":"https:\/\/dragonfulfill.com\/pt\/wp-json\/wp\/v2\/types\/page"}],"author":[{"embeddable":true,"href":"https:\/\/dragonfulfill.com\/pt\/wp-json\/wp\/v2\/users\/1"}],"replies":[{"embeddable":true,"href":"https:\/\/dragonfulfill.com\/pt\/wp-json\/wp\/v2\/comments?post=4538"}],"version-history":[{"count":10,"href":"https:\/\/dragonfulfill.com\/pt\/wp-json\/wp\/v2\/pages\/4538\/revisions"}],"predecessor-version":[{"id":5573,"href":"https:\/\/dragonfulfill.com\/pt\/wp-json\/wp\/v2\/pages\/4538\/revisions\/5573"}],"wp:attachment":[{"href":"https:\/\/dragonfulfill.com\/pt\/wp-json\/wp\/v2\/media?parent=4538"}],"curies":[{"name":"wp","href":"https:\/\/api.w.org\/{rel}","templated":true}]}}