{"id":5574,"date":"2024-11-23T03:27:11","date_gmt":"2024-11-23T03:27:11","guid":{"rendered":"https:\/\/dragonfulfill.com\/?page_id=5574"},"modified":"2024-12-04T10:05:00","modified_gmt":"2024-12-04T10:05:00","slug":"polityka-cookies","status":"publish","type":"page","link":"https:\/\/dragonfulfill.com\/pl\/polityka-cookies\/","title":{"rendered":"Polityka dotycz\u0105ca plik\u00f3w cookie"},"content":{"rendered":"<div data-elementor-type=\"wp-page\" data-elementor-id=\"5574\" class=\"elementor elementor-5574\" data-elementor-post-type=\"page\">\n\t\t\t\t<div class=\"elementor-element elementor-element-5855ead e-flex e-con-boxed e-con e-parent\" data-id=\"5855ead\" data-element_type=\"container\" data-settings=\"{&quot;ekit_has_onepagescroll_dot&quot;:&quot;yes&quot;}\">\n\t\t\t\t\t<div class=\"e-con-inner\">\n\t\t\t\t<div class=\"elementor-element elementor-element-71bbc05d elementor-widget elementor-widget-text-editor\" data-id=\"71bbc05d\" data-element_type=\"widget\" data-settings=\"{&quot;ekit_we_effect_on&quot;:&quot;none&quot;}\" data-widget_type=\"text-editor.default\">\n\t\t\t\t<div class=\"elementor-widget-container\">\n\t\t\t\t\t\t\t\t\t\n<h3 class=\"wp-block-heading\">Polityka dotycz\u0105ca plik\u00f3w cookie<\/h3>\n\n<p>\u00a0<\/p>\n<p><strong>Ostatnia aktualizacja:<\/strong> 11.23. 2024<\/p>\n\n<p>DragonFulfill (\u201cmy\u201d, \u201cnas\u201d lub \u201cnasz\u201d) u\u017cywa plik\u00f3w cookie w witrynie\u00a0<a href=\"https:\/\/dragonfulfill.com\/pl\/\" target=\"_blank\" rel=\"noopener\">https:\/\/dragonfulfill.com<\/a> (\u201cSerwis\u201d). Korzystaj\u0105c z Serwisu, u\u017cytkownik wyra\u017ca zgod\u0119 na korzystanie z plik\u00f3w cookie.<\/p>\n\n<p>Niniejsza Polityka dotycz\u0105ca plik\u00f3w cookie wyja\u015bnia, czym s\u0105 pliki cookie, w jaki spos\u00f3b je wykorzystujemy, w jaki spos\u00f3b partnerzy zewn\u0119trzni mog\u0105 wykorzystywa\u0107 pliki cookie w Serwisie, wybory u\u017cytkownika dotycz\u0105ce plik\u00f3w cookie oraz dodatkowe informacje na temat plik\u00f3w cookie.<\/p>\n<hr class=\"wp-block-separator has-alpha-channel-opacity\" \/>\n<h4 class=\"wp-block-heading\">Czym s\u0105 pliki cookie?<\/h4>\n\n<p>Pliki cookie to niewielki tekst wysy\u0142any przez przegl\u0105dark\u0119 internetow\u0105 z odwiedzanej witryny. S\u0105 one przechowywane w przegl\u0105darce u\u017cytkownika i umo\u017cliwiaj\u0105 Serwisowi lub podmiotowi zewn\u0119trznemu rozpoznanie u\u017cytkownika, zwi\u0119kszaj\u0105c jego komfort podczas kolejnych wizyt.<\/p>\n\n<p>Pliki cookie mog\u0105 by\u0107 dowolne:<\/p>\n\n<ul class=\"wp-block-list\">\n<li><strong>Trwa\u0142e pliki cookie<\/strong>: Pozostaj\u0105 one na komputerze lub urz\u0105dzeniu mobilnym po przej\u015bciu w tryb offline.<\/li>\n\n<li><strong>Pliki cookie sesji<\/strong>: S\u0105 one usuwane po zamkni\u0119ciu przegl\u0105darki internetowej.<\/li>\n<\/ul>\n<hr class=\"wp-block-separator has-alpha-channel-opacity\" \/>\n<h4 class=\"wp-block-heading\">Jak DragonFulfill wykorzystuje pliki cookie<\/h4>\n\n<p>Podczas korzystania z naszej Us\u0142ugi i uzyskiwania do niej dost\u0119pu mo\u017cemy umieszcza\u0107 wiele plik\u00f3w cookie w przegl\u0105darce internetowej u\u017cytkownika. Te pliki cookie pomagaj\u0105 nam zapewni\u0107 bezproblemow\u0105 obs\u0142ug\u0119 i funkcjonalno\u015b\u0107 naszej Us\u0142ugi.<\/p>\n\n<p>U\u017cywamy plik\u00f3w cookie do nast\u0119puj\u0105cych cel\u00f3w:<\/p>\n\n<ul class=\"wp-block-list\">\n<li><strong>Aby umo\u017cliwi\u0107 niekt\u00f3re podstawowe funkcje<\/strong> us\u0142ugi.<\/li>\n\n<li><strong>Aby zapewni\u0107 analityk\u0119<\/strong> w celu ulepszenia naszych us\u0142ug.<\/li>\n\n<li><strong>Aby zapisa\u0107 swoje preferencje<\/strong> i dostosuj swoje wra\u017cenia.<\/li>\n\n<li><strong>Aby umo\u017cliwi\u0107 dostarczanie reklam<\/strong>, w tym reklamy behawioralne dostosowane do zainteresowa\u0144 u\u017cytkownika.<\/li>\n<\/ul>\n<hr class=\"wp-block-separator has-alpha-channel-opacity\" \/>\n<h4 class=\"wp-block-heading\">Pliki cookie stron trzecich<\/h4>\n\n<p>Opr\u00f3cz naszych w\u0142asnych plik\u00f3w cookie, mo\u017cemy r\u00f3wnie\u017c wykorzystywa\u0107 pliki cookie z zaufanych us\u0142ug stron trzecich w celu:<\/p>\n\n<ul class=\"wp-block-list\">\n<li>\u015aledzenie i analizowanie statystyk u\u017cytkowania.<\/li>\n\n<li>Dostarczanie reklam za po\u015brednictwem sieci afiliacyjnych lub platform reklamowych.<\/li>\n\n<li>Zapewnienie dodatkowej funkcjonalno\u015bci poprzez integracje lub wtyczki.<\/li>\n<\/ul>\n<hr class=\"wp-block-separator has-alpha-channel-opacity\" \/>\n<h4 class=\"wp-block-heading\">Wyb\u00f3r u\u017cytkownika dotycz\u0105cy plik\u00f3w cookie<\/h4>\n\n<p>Je\u015bli chcesz usun\u0105\u0107 pliki cookie lub poinstruowa\u0107 przegl\u0105dark\u0119 internetow\u0105, aby odrzuca\u0142a pliki cookie, zapoznaj si\u0119 z sekcj\u0105 pomocy przegl\u0105darki. Nale\u017cy jednak pami\u0119ta\u0107, \u017ce wy\u0142\u0105czenie plik\u00f3w cookie mo\u017ce mie\u0107 wp\u0142yw na funkcjonalno\u015b\u0107 niekt\u00f3rych funkcji naszej witryny.<\/p>\n\n<p>Pomocne przewodniki dotycz\u0105ce zarz\u0105dzania plikami cookie w popularnych przegl\u0105darkach:<\/p>\n\n<ul class=\"wp-block-list\">\n<li>Dla <strong>Chrom<\/strong>, odwied\u017a stron\u0119 <a>Strona pomocy Google Chrome<\/a>.<\/li>\n\n<li>Dla <strong>Internet Explorer<\/strong>, odwied\u017a stron\u0119 <a href=\"https:\/\/support.microsoft.com\/en-us\/help\/278835\" target=\"_blank\" rel=\"noopener\">Strona pomocy Microsoft<\/a>.<\/li>\n\n<li>Dla <strong>Firefox<\/strong>, odwied\u017a stron\u0119 <a href=\"https:\/\/support.mozilla.org\/en-US\/kb\/clear-cookies-and-site-data-firefox\" target=\"_blank\" rel=\"noopener\">Strona pomocy Mozilla Firefox<\/a>.<\/li>\n\n<li>Dla <strong>Safari<\/strong>, odwied\u017a stron\u0119 <a href=\"https:\/\/support.apple.com\/guide\/safari\/manage-cookies-and-website-data-sfri11471\/mac\" target=\"_blank\" rel=\"noopener\">Strona pomocy Apple<\/a>.<\/li>\n<\/ul>\n<hr class=\"wp-block-separator has-alpha-channel-opacity\" \/>\n<h4 class=\"wp-block-heading\">Wi\u0119cej informacji<\/h4>\n\n<p>Aby dowiedzie\u0107 si\u0119 wi\u0119cej o plikach cookie i sposobach zarz\u0105dzania nimi lub ich wy\u0142\u0105czania, odwied\u017a stron\u0119 <a href=\"https:\/\/www.allaboutcookies.org\" target=\"_blank\" rel=\"noopener\">Wszystko o ciasteczkach<\/a>.<\/p>\n\n<p>W przypadku jakichkolwiek pyta\u0144 dotycz\u0105cych korzystania przez nas z plik\u00f3w cookie lub innych technologii, prosimy o przes\u0142anie wiadomo\u015bci e-mail na adres doreen@dragonfulfill.com.<\/p>\n\t\t\t\t\t\t\t\t<\/div>\n\t\t\t\t<\/div>\n\t\t\t\t\t<\/div>\n\t\t\t\t<\/div>\n\t\t\t\t<\/div>","protected":false},"excerpt":{"rendered":"<p>Cookies Policy \u00a0 Last updated: 11.23. 2024 DragonFulfill (&#8220;us,&#8221; &#8220;we,&#8221; or &#8220;our&#8221;) uses cookies on the\u00a0https:\/\/dragonfulfill.com website (the &#8220;Service&#8221;).\u00a0By using the Service, you consent to the use of cookies. This Cookies Policy explains what cookies are, how we use them, how third-party partners may use cookies on the Service, your choices regarding cookies, and additional [&hellip;]<\/p>","protected":false},"author":1,"featured_media":0,"parent":0,"menu_order":0,"comment_status":"closed","ping_status":"closed","template":"","meta":{"postBodyCss":"","postBodyMargin":[],"postBodyPadding":[],"postBodyBackground":{"backgroundType":"classic","gradient":""},"footnotes":""},"class_list":["post-5574","page","type-page","status-publish","hentry"],"_links":{"self":[{"href":"https:\/\/dragonfulfill.com\/pl\/wp-json\/wp\/v2\/pages\/5574","targetHints":{"allow":["GET"]}}],"collection":[{"href":"https:\/\/dragonfulfill.com\/pl\/wp-json\/wp\/v2\/pages"}],"about":[{"href":"https:\/\/dragonfulfill.com\/pl\/wp-json\/wp\/v2\/types\/page"}],"author":[{"embeddable":true,"href":"https:\/\/dragonfulfill.com\/pl\/wp-json\/wp\/v2\/users\/1"}],"replies":[{"embeddable":true,"href":"https:\/\/dragonfulfill.com\/pl\/wp-json\/wp\/v2\/comments?post=5574"}],"version-history":[{"count":7,"href":"https:\/\/dragonfulfill.com\/pl\/wp-json\/wp\/v2\/pages\/5574\/revisions"}],"predecessor-version":[{"id":5700,"href":"https:\/\/dragonfulfill.com\/pl\/wp-json\/wp\/v2\/pages\/5574\/revisions\/5700"}],"wp:attachment":[{"href":"https:\/\/dragonfulfill.com\/pl\/wp-json\/wp\/v2\/media?parent=5574"}],"curies":[{"name":"wp","href":"https:\/\/api.w.org\/{rel}","templated":true}]}}