{"id":4538,"date":"2024-09-20T03:25:25","date_gmt":"2024-09-20T02:25:25","guid":{"rendered":"https:\/\/dragonfulfill.com\/?page_id=4538"},"modified":"2025-03-22T16:00:03","modified_gmt":"2025-03-22T16:00:03","slug":"polityka-prywatnosci","status":"publish","type":"page","link":"https:\/\/dragonfulfill.com\/pl\/polityka-prywatnosci\/","title":{"rendered":"Polityka prywatno\u015bci"},"content":{"rendered":"<div data-elementor-type=\"wp-page\" data-elementor-id=\"4538\" class=\"elementor elementor-4538\" data-elementor-post-type=\"page\">\n\t\t\t\t<div class=\"elementor-element elementor-element-726b8397 e-flex e-con-boxed e-con e-parent\" data-id=\"726b8397\" data-element_type=\"container\" data-settings=\"{&quot;background_background&quot;:&quot;gradient&quot;,&quot;ekit_has_onepagescroll_dot&quot;:&quot;yes&quot;}\">\n\t\t\t\t\t<div class=\"e-con-inner\">\n\t\t<div class=\"elementor-element elementor-element-a6cb65a e-flex e-con-boxed e-con e-child\" data-id=\"a6cb65a\" data-element_type=\"container\" data-settings=\"{&quot;ekit_has_onepagescroll_dot&quot;:&quot;yes&quot;}\">\n\t\t\t\t\t<div class=\"e-con-inner\">\n\t\t\t\t<div class=\"elementor-element elementor-element-5cb62ec8 elementor-invisible elementor-widget elementor-widget-heading\" data-id=\"5cb62ec8\" data-element_type=\"widget\" data-settings=\"{&quot;_animation&quot;:&quot;fadeInUp&quot;,&quot;ekit_we_effect_on&quot;:&quot;none&quot;}\" data-widget_type=\"heading.default\">\n\t\t\t\t<div class=\"elementor-widget-container\">\n\t\t\t\t\t<h1 class=\"elementor-heading-title elementor-size-default\">Polityka prywatno\u015bci<\/h1>\t\t\t\t<\/div>\n\t\t\t\t<\/div>\n\t\t\t\t\t<\/div>\n\t\t\t\t<\/div>\n\t\t\t\t\t<\/div>\n\t\t\t\t<\/div>\n\t\t<div class=\"elementor-element elementor-element-33848a37 e-flex e-con-boxed e-con e-parent\" data-id=\"33848a37\" data-element_type=\"container\" data-settings=\"{&quot;ekit_has_onepagescroll_dot&quot;:&quot;yes&quot;}\">\n\t\t\t\t\t<div class=\"e-con-inner\">\n\t\t\t\t<div class=\"elementor-element elementor-element-327f7c4a elementor-widget elementor-widget-text-editor\" data-id=\"327f7c4a\" data-element_type=\"widget\" data-settings=\"{&quot;ekit_we_effect_on&quot;:&quot;none&quot;}\" data-widget_type=\"text-editor.default\">\n\t\t\t\t<div class=\"elementor-widget-container\">\n\t\t\t\t\t\t\t\t\t<p><\/p>\n<p>Prywatno\u015b\u0107 u\u017cytkownik\u00f3w jest dla nas wa\u017cna. Polityk\u0105 DragonFulfill jest poszanowanie prywatno\u015bci u\u017cytkownika i przestrzeganie obowi\u0105zuj\u0105cych przepis\u00f3w prawa i regulacji dotycz\u0105cych wszelkich danych osobowych, kt\u00f3re mo\u017cemy gromadzi\u0107 na jego temat, w tym na naszej stronie internetowej, <a href=\"https:\/\/dragonfulfill.com\/pl\/\">https:\/\/dragonfulfill.com<\/a>, oraz innych witryn, kt\u00f3rych jeste\u015bmy w\u0142a\u015bcicielem i operatorem.<\/p>\n<p><\/p>\n<p><\/p>\n<p>Niniejsze zasady obowi\u0105zuj\u0105 od 20 wrze\u015bnia 2024 r. i zosta\u0142y ostatnio zaktualizowane 20 wrze\u015bnia 2024 r.<\/p>\n<p><\/p>\n<p><\/p>\n<h3 class=\"wp-block-heading\">Gromadzone przez nas informacje<\/h3>\n<p><\/p>\n<p><\/p>\n<p>Gromadzimy informacje, kt\u00f3re u\u017cytkownik \u015bwiadomie i aktywnie przekazuje podczas korzystania z naszych us\u0142ug oraz dane automatycznie przesy\u0142ane przez urz\u0105dzenia u\u017cytkownika podczas uzyskiwania dost\u0119pu do naszych produkt\u00f3w lub us\u0142ug.<\/p>\n<p><\/p>\n<p><\/p>\n<h4 class=\"wp-block-heading\">Dane dziennika<\/h4>\n<p><\/p>\n<p><\/p>\n<p>Gdy u\u017cytkownik odwiedza nasz\u0105 witryn\u0119 internetow\u0105, nasze serwery mog\u0105 automatycznie rejestrowa\u0107 standardowe dane dostarczane przez przegl\u0105dark\u0119 internetow\u0105 u\u017cytkownika. Mo\u017ce to obejmowa\u0107 adres IP urz\u0105dzenia, typ i wersj\u0119 przegl\u0105darki, odwiedzane strony, godzin\u0119 i dat\u0119 wizyty, czas sp\u0119dzony na ka\u017cdej stronie i inne szczeg\u00f3\u0142y. Chocia\u017c dane te nie identyfikuj\u0105 u\u017cytkownika, mog\u0105 by\u0107 \u0142\u0105czone z innymi informacjami w celu identyfikacji poszczeg\u00f3lnych u\u017cytkownik\u00f3w.<\/p>\n<p><\/p>\n<p><\/p>\n<h4 class=\"wp-block-heading\">Dane osobowe<\/h4>\n<p><\/p>\n<p><\/p>\n<p>Mo\u017cemy poprosi\u0107 o podanie danych osobowych, takich jak:<\/p>\n<p><\/p>\n<p><\/p>\n<ul class=\"wp-block-list\">\n<li style=\"list-style-type: none;\">\n<ul><\/ul>\n<\/li>\n<\/ul>\n<p>\u00a0<\/p>\n<ul>\n<li style=\"list-style-type: none;\">\n<ul>\n<li>Nazwa<\/li>\n<\/ul>\n<\/li>\n<\/ul>\n<p><\/p>\n<p><\/p>\n<ul>\n<li style=\"list-style-type: none;\">\n<ul>\n<li>Adres e-mail<\/li>\n<\/ul>\n<\/li>\n<\/ul>\n<p><\/p>\n<p><\/p>\n<p><\/p>\n<h3 class=\"wp-block-heading\">Uzasadnione powody przetwarzania danych osobowych u\u017cytkownika<\/h3>\n<p><\/p>\n<p><\/p>\n<p>Gromadzimy i wykorzystujemy dane osobowe u\u017cytkownik\u00f3w wy\u0142\u0105cznie wtedy, gdy mamy ku temu uzasadniony pow\u00f3d. Gromadzimy informacje, kt\u00f3re s\u0105 niezb\u0119dne do \u015bwiadczenia us\u0142ug na rzecz u\u017cytkownika.<\/p>\n<p><\/p>\n<p><\/p>\n<h3 class=\"wp-block-heading\">Gromadzenie i wykorzystywanie informacji<\/h3>\n<p><\/p>\n<p><\/p>\n<p>Mo\u017cemy gromadzi\u0107 dane osobowe u\u017cytkownika, gdy:<\/p>\n<p><\/p>\n<p><\/p>\n<ul class=\"wp-block-list\">\n<li style=\"list-style-type: none;\">\n<ul><\/ul>\n<\/li>\n<\/ul>\n<p>\u00a0<\/p>\n<ul>\n<li style=\"list-style-type: none;\">\n<ul>\n<li>Dost\u0119p do naszych tre\u015bci za pomoc\u0105 urz\u0105dzenia mobilnego lub przegl\u0105darki internetowej<\/li>\n<\/ul>\n<\/li>\n<\/ul>\n<p><\/p>\n<p><\/p>\n<ul>\n<li style=\"list-style-type: none;\">\n<ul>\n<li>Kontakt z nami za po\u015brednictwem poczty elektronicznej, medi\u00f3w spo\u0142eczno\u015bciowych lub podobnych technologii<\/li>\n<\/ul>\n<\/li>\n<\/ul>\n<p><\/p>\n<p><\/p>\n<ul>\n<li style=\"list-style-type: none;\">\n<ul>\n<li>Wejd\u017a z nami w interakcj\u0119 lub wspomnij o nas w mediach spo\u0142eczno\u015bciowych<\/li>\n<\/ul>\n<\/li>\n<\/ul>\n<p><\/p>\n<p><\/p>\n<p><\/p>\n<p>Mo\u017cemy gromadzi\u0107, przechowywa\u0107, wykorzystywa\u0107 i ujawnia\u0107 dane osobowe w nast\u0119puj\u0105cych celach:<\/p>\n<p><\/p>\n<p><\/p>\n<ul class=\"wp-block-list\">\n<li style=\"list-style-type: none;\">\n<ul><\/ul>\n<\/li>\n<\/ul>\n<p>\u00a0<\/p>\n<ul>\n<li style=\"list-style-type: none;\">\n<ul>\n<li>Aby dostosowa\u0107 lub spersonalizowa\u0107 korzystanie z naszej strony internetowej przez u\u017cytkownika<\/li>\n<\/ul>\n<\/li>\n<\/ul>\n<p><\/p>\n<p><\/p>\n<ul>\n<li style=\"list-style-type: none;\">\n<ul>\n<li>Do cel\u00f3w analitycznych, bada\u0144 rynkowych i rozwoju biznesu, w tym do obs\u0142ugi i ulepszania naszej strony internetowej i us\u0142ug<\/li>\n<\/ul>\n<\/li>\n<\/ul>\n<p><\/p>\n<p><\/p>\n<p><\/p>\n<h3 class=\"wp-block-heading\">Bezpiecze\u0144stwo danych osobowych u\u017cytkownika<\/h3>\n<p><\/p>\n<p><\/p>\n<p>Chronimy dane osobowe, kt\u00f3re gromadzimy i przetwarzamy, stosuj\u0105c komercyjnie akceptowalne \u015brodki, aby zapobiec nieautoryzowanemu dost\u0119powi, ujawnieniu, kopiowaniu, wykorzystaniu lub modyfikacji. Jednak \u017cadna metoda transmisji elektronicznej lub przechowywania danych nie jest bezpieczna, dlatego nie mo\u017cemy zagwarantowa\u0107 ca\u0142kowitego bezpiecze\u0144stwa danych.<\/p>\n<p><\/p>\n<p><\/p>\n<h3 class=\"wp-block-heading\">Jak d\u0142ugo przechowujemy dane osobowe u\u017cytkownika<\/h3>\n<p><\/p>\n<p><\/p>\n<p>Dane osobowe u\u017cytkownika przechowujemy tylko tak d\u0142ugo, jak jest to konieczne. Usuniemy je lub zanonimizujemy, je\u015bli nie b\u0119d\u0105 ju\u017c potrzebne. Mo\u017cemy jednak zachowa\u0107 dane w celu wype\u0142nienia zobowi\u0105za\u0144 prawnych, w interesie publicznym, do cel\u00f3w badawczych lub statystycznych.<\/p>\n<p><\/p>\n<p><\/p>\n<h3 class=\"wp-block-heading\">Prywatno\u015b\u0107 dzieci<\/h3>\n<p><\/p>\n<p><\/p>\n<p>Nasze us\u0142ugi nie s\u0105 skierowane do dzieci poni\u017cej 13 roku \u017cycia i nie gromadzimy \u015bwiadomie danych osobowych dzieci poni\u017cej 13 roku \u017cycia.<\/p>\n<p><\/p>\n<p><\/p>\n<h3 class=\"wp-block-heading\">Mi\u0119dzynarodowe transfery danych osobowych<\/h3>\n<p><\/p>\n<p><\/p>\n<p>Mo\u017cemy przechowywa\u0107 lub przetwarza\u0107 dane u\u017cytkownika w lokalizacjach poza jego krajem ojczystym, potencjalnie podlegaj\u0105cych r\u00f3\u017cnym przepisom o ochronie danych. Je\u015bli dane osobowe u\u017cytkownika s\u0105 przekazywane za granic\u0119, b\u0119dziemy je chroni\u0107 w spos\u00f3b opisany w niniejszych zasadach.<\/p>\n<p><\/p>\n<p><\/p>\n<h3 class=\"wp-block-heading\">Prawa u\u017cytkownika i kontrola nad danymi osobowymi<\/h3>\n<p><\/p>\n<p><\/p>\n<p>U\u017cytkownik zachowuje prawo do nieudost\u0119pniania danych osobowych i mo\u017ce za\u017c\u0105da\u0107 szczeg\u00f3\u0142owych informacji na temat wszelkich danych osobowych, kt\u00f3re posiadamy na jego temat. U\u017cytkownik mo\u017ce r\u00f3wnie\u017c za\u017c\u0105da\u0107 poprawienia lub usuni\u0119cia swoich danych, a my podejmiemy uzasadnione kroki w celu zapewnienia ich dok\u0142adno\u015bci i aktualno\u015bci.<\/p>\n<p><\/p>\n<p><\/p>\n<h3 class=\"wp-block-heading\">Korzystanie z plik\u00f3w cookie<\/h3>\n<p><\/p>\n<p><\/p>\n<p>U\u017cywamy plik\u00f3w \u201ccookie\u201d do zbierania informacji o aktywno\u015bci u\u017cytkownika w naszej witrynie. Plik cookie to niewielki fragment danych przechowywany na urz\u0105dzeniu u\u017cytkownika, kt\u00f3ry pozwala nam rozpozna\u0107 preferencje u\u017cytkownika i poprawi\u0107 jako\u015b\u0107 korzystania z witryny.<\/p>\n<p><\/p>\n<p><\/p>\n<h3 class=\"wp-block-heading\">Ograniczenia naszej polityki<\/h3>\n<p><\/p>\n<p><\/p>\n<p>Nasza witryna internetowa mo\u017ce zawiera\u0107 \u0142\u0105cza do witryn zewn\u0119trznych, kt\u00f3rych nie obs\u0142ugujemy. Nie ponosimy odpowiedzialno\u015bci za tre\u015b\u0107 ani praktyki dotycz\u0105ce prywatno\u015bci tych witryn.<\/p>\n<p><\/p>\n<p><\/p>\n<h3 class=\"wp-block-heading\">Zmiany w niniejszej Polityce<\/h3>\n<p><\/p>\n<p><\/p>\n<p>Mo\u017cemy aktualizowa\u0107 niniejsze zasady w celu odzwierciedlenia zmian w naszych praktykach biznesowych lub wymogach prawnych. Wszelkie zmiany b\u0119d\u0105 publikowane tutaj, a u\u017cytkownik b\u0119dzie powiadamiany zgodnie z wymogami prawa.<\/p>\n<p><\/p>\n<p><\/p>\n<h3 class=\"wp-block-heading\">Kontakt<\/h3>\n<p><\/p>\n<p><\/p>\n<p>W przypadku jakichkolwiek pyta\u0144 lub w\u0105tpliwo\u015bci dotycz\u0105cych prywatno\u015bci, mo\u017cna skontaktowa\u0107 si\u0119 z nami pod adresem:<\/p>\n<p><\/p>\n<p><\/p>\n<p>Doreen<br \/><a href=\"https:\/\/dragonfulfill.com\/pl\/\">https:\/\/dragonfulfill.com<\/a><\/p>\n<p><\/p>\t\t\t\t\t\t\t\t<\/div>\n\t\t\t\t<\/div>\n\t\t\t\t\t<\/div>\n\t\t\t\t<\/div>\n\t\t\t\t<\/div>","protected":false},"excerpt":{"rendered":"<p>Privacy Policy Your privacy is important to us. DragonFulfill&#8217;s policy is to respect your privacy and comply with applicable laws and regulations regarding any personal information we may collect about you, including on our website, https:\/\/dragonfulfill.com, and other sites we own and operate. This policy is effective as of the 20th of September 2024 and [&hellip;]<\/p>","protected":false},"author":1,"featured_media":0,"parent":0,"menu_order":0,"comment_status":"closed","ping_status":"closed","template":"","meta":{"postBodyCss":"","postBodyMargin":[],"postBodyPadding":[],"postBodyBackground":{"backgroundType":"classic","gradient":""},"footnotes":""},"class_list":["post-4538","page","type-page","status-publish","hentry"],"_links":{"self":[{"href":"https:\/\/dragonfulfill.com\/pl\/wp-json\/wp\/v2\/pages\/4538","targetHints":{"allow":["GET"]}}],"collection":[{"href":"https:\/\/dragonfulfill.com\/pl\/wp-json\/wp\/v2\/pages"}],"about":[{"href":"https:\/\/dragonfulfill.com\/pl\/wp-json\/wp\/v2\/types\/page"}],"author":[{"embeddable":true,"href":"https:\/\/dragonfulfill.com\/pl\/wp-json\/wp\/v2\/users\/1"}],"replies":[{"embeddable":true,"href":"https:\/\/dragonfulfill.com\/pl\/wp-json\/wp\/v2\/comments?post=4538"}],"version-history":[{"count":10,"href":"https:\/\/dragonfulfill.com\/pl\/wp-json\/wp\/v2\/pages\/4538\/revisions"}],"predecessor-version":[{"id":5573,"href":"https:\/\/dragonfulfill.com\/pl\/wp-json\/wp\/v2\/pages\/4538\/revisions\/5573"}],"wp:attachment":[{"href":"https:\/\/dragonfulfill.com\/pl\/wp-json\/wp\/v2\/media?parent=4538"}],"curies":[{"name":"wp","href":"https:\/\/api.w.org\/{rel}","templated":true}]}}