{"id":5574,"date":"2024-11-23T03:27:11","date_gmt":"2024-11-23T03:27:11","guid":{"rendered":"https:\/\/dragonfulfill.com\/?page_id=5574"},"modified":"2024-12-04T10:05:00","modified_gmt":"2024-12-04T10:05:00","slug":"politica-de-cookies","status":"publish","type":"page","link":"https:\/\/dragonfulfill.com\/es\/politica-de-cookies\/","title":{"rendered":"Pol\u00edtica de cookies"},"content":{"rendered":"<div data-elementor-type=\"wp-page\" data-elementor-id=\"5574\" class=\"elementor elementor-5574\" data-elementor-post-type=\"page\">\n\t\t\t\t<div class=\"elementor-element elementor-element-5855ead e-flex e-con-boxed e-con e-parent\" data-id=\"5855ead\" data-element_type=\"container\" data-settings=\"{&quot;ekit_has_onepagescroll_dot&quot;:&quot;yes&quot;}\">\n\t\t\t\t\t<div class=\"e-con-inner\">\n\t\t\t\t<div class=\"elementor-element elementor-element-71bbc05d elementor-widget elementor-widget-text-editor\" data-id=\"71bbc05d\" data-element_type=\"widget\" data-settings=\"{&quot;ekit_we_effect_on&quot;:&quot;none&quot;}\" data-widget_type=\"text-editor.default\">\n\t\t\t\t<div class=\"elementor-widget-container\">\n\t\t\t\t\t\t\t\t\t\n<h3 class=\"wp-block-heading\">Pol\u00edtica de cookies<\/h3>\n\n<p>\u00a0<\/p>\n<p><strong>\u00daltima actualizaci\u00f3n:<\/strong> 11.23. 2024<\/p>\n\n<p>DragonFulfill (\u201cnosotros\u201d o \u201cnuestro\u201d) utiliza cookies en el sitio web de\u00a0<a href=\"https:\/\/dragonfulfill.com\/es\/\" target=\"_blank\" rel=\"noopener\">https:\/\/dragonfulfill.com<\/a> (el \u201cServicio\u201d). Al utilizar el Servicio, usted acepta el uso de cookies.<\/p>\n\n<p>Esta Pol\u00edtica de Cookies explica qu\u00e9 son las cookies, c\u00f3mo las utilizamos, c\u00f3mo pueden utilizarlas terceros asociados en el Servicio, sus opciones en relaci\u00f3n con las cookies e informaci\u00f3n adicional sobre las cookies.<\/p>\n<hr class=\"wp-block-separator has-alpha-channel-opacity\" \/>\n<h4 class=\"wp-block-heading\">\u00bfQu\u00e9 son las cookies?<\/h4>\n\n<p>Las cookies son peque\u00f1os textos enviados por su navegador desde un sitio web que usted visita. Se almacenan en su navegador y permiten al Servicio o a un tercero reconocerle, mejorando su experiencia en visitas posteriores.<\/p>\n\n<p>Las cookies pueden ser:<\/p>\n\n<ul class=\"wp-block-list\">\n<li><strong>Cookies persistentes<\/strong>: Permanecen en tu ordenador o dispositivo m\u00f3vil cuando te desconectas.<\/li>\n\n<li><strong>Cookies de sesi\u00f3n<\/strong>: Se borran al cerrar el navegador.<\/li>\n<\/ul>\n<hr class=\"wp-block-separator has-alpha-channel-opacity\" \/>\n<h4 class=\"wp-block-heading\">C\u00f3mo utiliza DragonFulfill las cookies<\/h4>\n\n<p>Cuando usted utiliza y accede a nuestro Servicio, podemos colocar muchas cookies en su navegador web. Estas cookies nos ayudan a ofrecerle una experiencia fluida y a garantizar la funcionalidad de nuestro Servicio.<\/p>\n\n<p>Utilizamos cookies para los siguientes fines:<\/p>\n\n<ul class=\"wp-block-list\">\n<li><strong>Permitir determinadas funciones esenciales<\/strong> del Servicio.<\/li>\n\n<li><strong>Proporcionar an\u00e1lisis<\/strong> para mejorar nuestro Servicio.<\/li>\n\n<li><strong>Para guardar tus preferencias<\/strong> y personaliza tu experiencia.<\/li>\n\n<li><strong>Para permitir la entrega de anuncios<\/strong>, incluyendo publicidad basada en el comportamiento y adaptada a sus intereses.<\/li>\n<\/ul>\n<hr class=\"wp-block-separator has-alpha-channel-opacity\" \/>\n<h4 class=\"wp-block-heading\">Cookies de terceros<\/h4>\n\n<p>Adem\u00e1s de nuestras propias cookies, tambi\u00e9n podemos utilizar cookies de servicios de terceros de confianza para:<\/p>\n\n<ul class=\"wp-block-list\">\n<li>Seguimiento y an\u00e1lisis de las estad\u00edsticas de uso.<\/li>\n\n<li>Difundir anuncios a trav\u00e9s de redes de afiliaci\u00f3n o plataformas publicitarias.<\/li>\n\n<li>Proporcionar funciones adicionales mediante integraciones o plug-ins.<\/li>\n<\/ul>\n<hr class=\"wp-block-separator has-alpha-channel-opacity\" \/>\n<h4 class=\"wp-block-heading\">Sus opciones con respecto a las cookies<\/h4>\n\n<p>Si desea eliminar las cookies o indicar a su navegador que las rechace, consulte la secci\u00f3n de ayuda de su navegador. No obstante, tenga en cuenta que desactivar las cookies puede afectar a la funcionalidad de determinadas funciones de nuestro sitio web.<\/p>\n\n<p>Gu\u00edas \u00fatiles para gestionar las cookies en los navegadores m\u00e1s populares:<\/p>\n\n<ul class=\"wp-block-list\">\n<li>Para <strong>Cromo<\/strong>, visite la p\u00e1gina <a>P\u00e1gina de ayuda de Google Chrome<\/a>.<\/li>\n\n<li>Para <strong>Internet Explorer<\/strong>, visite la p\u00e1gina <a href=\"https:\/\/support.microsoft.com\/en-us\/help\/278835\" target=\"_blank\" rel=\"noopener\">P\u00e1gina de ayuda de Microsoft<\/a>.<\/li>\n\n<li>Para <strong>Firefox<\/strong>, visite la p\u00e1gina <a href=\"https:\/\/support.mozilla.org\/en-US\/kb\/clear-cookies-and-site-data-firefox\" target=\"_blank\" rel=\"noopener\">P\u00e1gina de ayuda de Mozilla Firefox<\/a>.<\/li>\n\n<li>Para <strong>Safari<\/strong>, visite la p\u00e1gina <a href=\"https:\/\/support.apple.com\/guide\/safari\/manage-cookies-and-website-data-sfri11471\/mac\" target=\"_blank\" rel=\"noopener\">P\u00e1gina de ayuda de Apple<\/a>.<\/li>\n<\/ul>\n<hr class=\"wp-block-separator has-alpha-channel-opacity\" \/>\n<h4 class=\"wp-block-heading\">M\u00e1s informaci\u00f3n<\/h4>\n\n<p>Para obtener m\u00e1s informaci\u00f3n sobre las cookies y c\u00f3mo gestionarlas o desactivarlas, visite <a href=\"https:\/\/www.allaboutcookies.org\" target=\"_blank\" rel=\"noopener\">Todo sobre las cookies<\/a>.<\/p>\n\n<p>Si tiene alguna pregunta sobre nuestro uso de cookies u otras tecnolog\u00edas, env\u00edenos un correo electr\u00f3nico a doreen@dragonfulfill.com.<\/p>\n\t\t\t\t\t\t\t\t<\/div>\n\t\t\t\t<\/div>\n\t\t\t\t\t<\/div>\n\t\t\t\t<\/div>\n\t\t\t\t<\/div>","protected":false},"excerpt":{"rendered":"<p>Cookies Policy \u00a0 Last updated: 11.23. 2024 DragonFulfill (&#8220;us,&#8221; &#8220;we,&#8221; or &#8220;our&#8221;) uses cookies on the\u00a0https:\/\/dragonfulfill.com website (the &#8220;Service&#8221;).\u00a0By using the Service, you consent to the use of cookies. This Cookies Policy explains what cookies are, how we use them, how third-party partners may use cookies on the Service, your choices regarding cookies, and additional [&hellip;]<\/p>","protected":false},"author":1,"featured_media":0,"parent":0,"menu_order":0,"comment_status":"closed","ping_status":"closed","template":"","meta":{"postBodyCss":"","postBodyMargin":[],"postBodyPadding":[],"postBodyBackground":{"backgroundType":"classic","gradient":""},"footnotes":""},"class_list":["post-5574","page","type-page","status-publish","hentry"],"_links":{"self":[{"href":"https:\/\/dragonfulfill.com\/es\/wp-json\/wp\/v2\/pages\/5574","targetHints":{"allow":["GET"]}}],"collection":[{"href":"https:\/\/dragonfulfill.com\/es\/wp-json\/wp\/v2\/pages"}],"about":[{"href":"https:\/\/dragonfulfill.com\/es\/wp-json\/wp\/v2\/types\/page"}],"author":[{"embeddable":true,"href":"https:\/\/dragonfulfill.com\/es\/wp-json\/wp\/v2\/users\/1"}],"replies":[{"embeddable":true,"href":"https:\/\/dragonfulfill.com\/es\/wp-json\/wp\/v2\/comments?post=5574"}],"version-history":[{"count":7,"href":"https:\/\/dragonfulfill.com\/es\/wp-json\/wp\/v2\/pages\/5574\/revisions"}],"predecessor-version":[{"id":5700,"href":"https:\/\/dragonfulfill.com\/es\/wp-json\/wp\/v2\/pages\/5574\/revisions\/5700"}],"wp:attachment":[{"href":"https:\/\/dragonfulfill.com\/es\/wp-json\/wp\/v2\/media?parent=5574"}],"curies":[{"name":"wp","href":"https:\/\/api.w.org\/{rel}","templated":true}]}}