{"id":4538,"date":"2024-09-20T03:25:25","date_gmt":"2024-09-20T02:25:25","guid":{"rendered":"https:\/\/dragonfulfill.com\/?page_id=4538"},"modified":"2025-03-22T16:00:03","modified_gmt":"2025-03-22T16:00:03","slug":"politica-de-privacidad","status":"publish","type":"page","link":"https:\/\/dragonfulfill.com\/es\/politica-de-privacidad\/","title":{"rendered":"Pol\u00edtica de privacidad"},"content":{"rendered":"<div data-elementor-type=\"wp-page\" data-elementor-id=\"4538\" class=\"elementor elementor-4538\" data-elementor-post-type=\"page\">\n\t\t\t\t<div class=\"elementor-element elementor-element-726b8397 e-flex e-con-boxed e-con e-parent\" data-id=\"726b8397\" data-element_type=\"container\" data-settings=\"{&quot;background_background&quot;:&quot;gradient&quot;,&quot;ekit_has_onepagescroll_dot&quot;:&quot;yes&quot;}\">\n\t\t\t\t\t<div class=\"e-con-inner\">\n\t\t<div class=\"elementor-element elementor-element-a6cb65a e-flex e-con-boxed e-con e-child\" data-id=\"a6cb65a\" data-element_type=\"container\" data-settings=\"{&quot;ekit_has_onepagescroll_dot&quot;:&quot;yes&quot;}\">\n\t\t\t\t\t<div class=\"e-con-inner\">\n\t\t\t\t<div class=\"elementor-element elementor-element-5cb62ec8 elementor-invisible elementor-widget elementor-widget-heading\" data-id=\"5cb62ec8\" data-element_type=\"widget\" data-settings=\"{&quot;_animation&quot;:&quot;fadeInUp&quot;,&quot;ekit_we_effect_on&quot;:&quot;none&quot;}\" data-widget_type=\"heading.default\">\n\t\t\t\t<div class=\"elementor-widget-container\">\n\t\t\t\t\t<h1 class=\"elementor-heading-title elementor-size-default\">Pol\u00edtica de privacidad<\/h1>\t\t\t\t<\/div>\n\t\t\t\t<\/div>\n\t\t\t\t\t<\/div>\n\t\t\t\t<\/div>\n\t\t\t\t\t<\/div>\n\t\t\t\t<\/div>\n\t\t<div class=\"elementor-element elementor-element-33848a37 e-flex e-con-boxed e-con e-parent\" data-id=\"33848a37\" data-element_type=\"container\" data-settings=\"{&quot;ekit_has_onepagescroll_dot&quot;:&quot;yes&quot;}\">\n\t\t\t\t\t<div class=\"e-con-inner\">\n\t\t\t\t<div class=\"elementor-element elementor-element-327f7c4a elementor-widget elementor-widget-text-editor\" data-id=\"327f7c4a\" data-element_type=\"widget\" data-settings=\"{&quot;ekit_we_effect_on&quot;:&quot;none&quot;}\" data-widget_type=\"text-editor.default\">\n\t\t\t\t<div class=\"elementor-widget-container\">\n\t\t\t\t\t\t\t\t\t<p><\/p>\n<p>Su privacidad es importante para nosotros. La pol\u00edtica de DragonFulfill es respetar su privacidad y cumplir con las leyes y reglamentos aplicables en relaci\u00f3n con cualquier informaci\u00f3n personal que podamos recopilar sobre usted, incluso en nuestro sitio web, <a href=\"https:\/\/dragonfulfill.com\/es\/\">https:\/\/dragonfulfill.com<\/a>, y otros sitios que poseemos y gestionamos.<\/p>\n<p><\/p>\n<p><\/p>\n<p>Esta pol\u00edtica entra en vigor el 20 de septiembre de 2024 y se actualiz\u00f3 por \u00faltima vez el 20 de septiembre de 2024.<\/p>\n<p><\/p>\n<p><\/p>\n<h3 class=\"wp-block-heading\">Informaci\u00f3n que recopilamos<\/h3>\n<p><\/p>\n<p><\/p>\n<p>Recogemos la informaci\u00f3n que usted nos proporciona consciente y activamente al utilizar nuestros servicios y los datos enviados autom\u00e1ticamente por sus dispositivos al acceder a nuestros productos o servicios.<\/p>\n<p><\/p>\n<p><\/p>\n<h4 class=\"wp-block-heading\">Datos de registro<\/h4>\n<p><\/p>\n<p><\/p>\n<p>Cuando visita nuestro sitio web, nuestros servidores pueden registrar autom\u00e1ticamente los datos est\u00e1ndar proporcionados por su navegador web. Estos datos pueden incluir la direcci\u00f3n de protocolo de Internet (IP) de su dispositivo, el tipo y la versi\u00f3n del navegador, las p\u00e1ginas que visita, la hora y la fecha de su visita, el tiempo que pasa en cada p\u00e1gina y otros detalles. Aunque estos datos no le identifiquen, podr\u00edan combinarse con otra informaci\u00f3n para identificar a usuarios individuales.<\/p>\n<p><\/p>\n<p><\/p>\n<h4 class=\"wp-block-heading\">Informaci\u00f3n personal<\/h4>\n<p><\/p>\n<p><\/p>\n<p>Es posible que le pidamos informaci\u00f3n personal, como por ejemplo<\/p>\n<p><\/p>\n<p><\/p>\n<ul class=\"wp-block-list\">\n<li style=\"list-style-type: none;\">\n<ul><\/ul>\n<\/li>\n<\/ul>\n<p>\u00a0<\/p>\n<ul>\n<li style=\"list-style-type: none;\">\n<ul>\n<li>Nombre<\/li>\n<\/ul>\n<\/li>\n<\/ul>\n<p><\/p>\n<p><\/p>\n<ul>\n<li style=\"list-style-type: none;\">\n<ul>\n<li>Direcci\u00f3n de correo electr\u00f3nico<\/li>\n<\/ul>\n<\/li>\n<\/ul>\n<p><\/p>\n<p><\/p>\n<p><\/p>\n<h3 class=\"wp-block-heading\">Motivos leg\u00edtimos para tratar sus datos personales<\/h3>\n<p><\/p>\n<p><\/p>\n<p>S\u00f3lo recogemos y utilizamos su informaci\u00f3n personal cuando tenemos una raz\u00f3n leg\u00edtima para hacerlo. Recogemos la informaci\u00f3n necesaria para prestarle nuestros servicios.<\/p>\n<p><\/p>\n<p><\/p>\n<h3 class=\"wp-block-heading\">Recogida y uso de la informaci\u00f3n<\/h3>\n<p><\/p>\n<p><\/p>\n<p>Podemos recabar informaci\u00f3n personal de usted cuando:<\/p>\n<p><\/p>\n<p><\/p>\n<ul class=\"wp-block-list\">\n<li style=\"list-style-type: none;\">\n<ul><\/ul>\n<\/li>\n<\/ul>\n<p>\u00a0<\/p>\n<ul>\n<li style=\"list-style-type: none;\">\n<ul>\n<li>Acceder a nuestros contenidos mediante un dispositivo m\u00f3vil o un navegador web<\/li>\n<\/ul>\n<\/li>\n<\/ul>\n<p><\/p>\n<p><\/p>\n<ul>\n<li style=\"list-style-type: none;\">\n<ul>\n<li>P\u00f3ngase en contacto con nosotros por correo electr\u00f3nico, redes sociales o tecnolog\u00edas similares<\/li>\n<\/ul>\n<\/li>\n<\/ul>\n<p><\/p>\n<p><\/p>\n<ul>\n<li style=\"list-style-type: none;\">\n<ul>\n<li>Interact\u00fae con nosotros o menci\u00f3nenos en las redes sociales<\/li>\n<\/ul>\n<\/li>\n<\/ul>\n<p><\/p>\n<p><\/p>\n<p><\/p>\n<p>Podemos recoger, conservar, utilizar y divulgar informaci\u00f3n personal para los siguientes fines:<\/p>\n<p><\/p>\n<p><\/p>\n<ul class=\"wp-block-list\">\n<li style=\"list-style-type: none;\">\n<ul><\/ul>\n<\/li>\n<\/ul>\n<p>\u00a0<\/p>\n<ul>\n<li style=\"list-style-type: none;\">\n<ul>\n<li>Para adaptar o personalizar su experiencia en nuestro sitio web<\/li>\n<\/ul>\n<\/li>\n<\/ul>\n<p><\/p>\n<p><\/p>\n<ul>\n<li style=\"list-style-type: none;\">\n<ul>\n<li>Para an\u00e1lisis, estudios de mercado y desarrollo empresarial, incluido el funcionamiento y la mejora de nuestro sitio web y nuestros servicios.<\/li>\n<\/ul>\n<\/li>\n<\/ul>\n<p><\/p>\n<p><\/p>\n<p><\/p>\n<h3 class=\"wp-block-heading\">Seguridad de sus datos personales<\/h3>\n<p><\/p>\n<p><\/p>\n<p>Protegemos la informaci\u00f3n personal que recopilamos y procesamos utilizando medios comercialmente aceptables para evitar el acceso, la divulgaci\u00f3n, la copia, el uso o la modificaci\u00f3n no autorizados. Sin embargo, ning\u00fan m\u00e9todo de transmisi\u00f3n o almacenamiento electr\u00f3nico es 100% seguro, por lo que no podemos garantizar la seguridad absoluta de los datos.<\/p>\n<p><\/p>\n<p><\/p>\n<h3 class=\"wp-block-heading\">Cu\u00e1nto tiempo conservamos sus datos personales<\/h3>\n<p><\/p>\n<p><\/p>\n<p>Conservamos su informaci\u00f3n personal s\u00f3lo el tiempo necesario. La eliminaremos o la convertiremos en an\u00f3nima si ya no es necesaria. No obstante, podemos conservar los datos para cumplir obligaciones legales, fines de inter\u00e9s p\u00fablico, de investigaci\u00f3n o estad\u00edsticos.<\/p>\n<p><\/p>\n<p><\/p>\n<h3 class=\"wp-block-heading\">Privacidad infantil<\/h3>\n<p><\/p>\n<p><\/p>\n<p>Nuestros servicios no est\u00e1n dirigidos a ni\u00f1os menores de 13 a\u00f1os, y no recopilamos conscientemente informaci\u00f3n personal de ni\u00f1os menores de 13 a\u00f1os.<\/p>\n<p><\/p>\n<p><\/p>\n<h3 class=\"wp-block-heading\">Transferencias internacionales de datos personales<\/h3>\n<p><\/p>\n<p><\/p>\n<p>Podemos almacenar o procesar su informaci\u00f3n en lugares fuera de su pa\u00eds de origen, potencialmente con diferentes leyes de protecci\u00f3n de datos. Si su informaci\u00f3n personal se transfiere internacionalmente, la protegeremos como se describe en esta pol\u00edtica.<\/p>\n<p><\/p>\n<p><\/p>\n<h3 class=\"wp-block-heading\">Sus derechos y el control de sus datos personales<\/h3>\n<p><\/p>\n<p><\/p>\n<p>Usted conserva el derecho a no revelar informaci\u00f3n personal y puede solicitar detalles de cualquier informaci\u00f3n personal que tengamos sobre usted. Tambi\u00e9n puede solicitar correcciones o supresiones de sus datos, y tomaremos medidas razonables para garantizar que sean exactos y est\u00e9n actualizados.<\/p>\n<p><\/p>\n<p><\/p>\n<h3 class=\"wp-block-heading\">Uso de cookies<\/h3>\n<p><\/p>\n<p><\/p>\n<p>Utilizamos \u201ccookies\u201d para recopilar informaci\u00f3n sobre su actividad en nuestro sitio. Una cookie es un peque\u00f1o fragmento de datos almacenado en su dispositivo que nos permite reconocer sus preferencias y mejorar su experiencia.<\/p>\n<p><\/p>\n<p><\/p>\n<h3 class=\"wp-block-heading\">L\u00edmites de nuestra pol\u00edtica<\/h3>\n<p><\/p>\n<p><\/p>\n<p>Nuestro sitio web puede contener enlaces a sitios externos que no gestionamos. No somos responsables del contenido ni de las pr\u00e1cticas de privacidad de esos sitios.<\/p>\n<p><\/p>\n<p><\/p>\n<h3 class=\"wp-block-heading\">Cambios en esta pol\u00edtica<\/h3>\n<p><\/p>\n<p><\/p>\n<p>Podemos actualizar esta pol\u00edtica para reflejar cambios en nuestras pr\u00e1cticas comerciales o requisitos legales. Cualquier cambio se publicar\u00e1 aqu\u00ed, y se le notificar\u00e1 como exige la ley.<\/p>\n<p><\/p>\n<p><\/p>\n<h3 class=\"wp-block-heading\">Contacte con nosotros<\/h3>\n<p><\/p>\n<p><\/p>\n<p>Si tiene alguna pregunta o duda sobre su privacidad, puede ponerse en contacto con nosotros en:<\/p>\n<p><\/p>\n<p><\/p>\n<p>Doreen<br \/><a href=\"https:\/\/dragonfulfill.com\/es\/\">https:\/\/dragonfulfill.com<\/a><\/p>\n<p><\/p>\t\t\t\t\t\t\t\t<\/div>\n\t\t\t\t<\/div>\n\t\t\t\t\t<\/div>\n\t\t\t\t<\/div>\n\t\t\t\t<\/div>","protected":false},"excerpt":{"rendered":"<p>Privacy Policy Your privacy is important to us. DragonFulfill&#8217;s policy is to respect your privacy and comply with applicable laws and regulations regarding any personal information we may collect about you, including on our website, https:\/\/dragonfulfill.com, and other sites we own and operate. This policy is effective as of the 20th of September 2024 and [&hellip;]<\/p>","protected":false},"author":1,"featured_media":0,"parent":0,"menu_order":0,"comment_status":"closed","ping_status":"closed","template":"","meta":{"postBodyCss":"","postBodyMargin":[],"postBodyPadding":[],"postBodyBackground":{"backgroundType":"classic","gradient":""},"footnotes":""},"class_list":["post-4538","page","type-page","status-publish","hentry"],"_links":{"self":[{"href":"https:\/\/dragonfulfill.com\/es\/wp-json\/wp\/v2\/pages\/4538","targetHints":{"allow":["GET"]}}],"collection":[{"href":"https:\/\/dragonfulfill.com\/es\/wp-json\/wp\/v2\/pages"}],"about":[{"href":"https:\/\/dragonfulfill.com\/es\/wp-json\/wp\/v2\/types\/page"}],"author":[{"embeddable":true,"href":"https:\/\/dragonfulfill.com\/es\/wp-json\/wp\/v2\/users\/1"}],"replies":[{"embeddable":true,"href":"https:\/\/dragonfulfill.com\/es\/wp-json\/wp\/v2\/comments?post=4538"}],"version-history":[{"count":10,"href":"https:\/\/dragonfulfill.com\/es\/wp-json\/wp\/v2\/pages\/4538\/revisions"}],"predecessor-version":[{"id":5573,"href":"https:\/\/dragonfulfill.com\/es\/wp-json\/wp\/v2\/pages\/4538\/revisions\/5573"}],"wp:attachment":[{"href":"https:\/\/dragonfulfill.com\/es\/wp-json\/wp\/v2\/media?parent=4538"}],"curies":[{"name":"wp","href":"https:\/\/api.w.org\/{rel}","templated":true}]}}