{"id":5574,"date":"2024-11-23T03:27:11","date_gmt":"2024-11-23T03:27:11","guid":{"rendered":"https:\/\/dragonfulfill.com\/?page_id=5574"},"modified":"2024-12-04T10:05:00","modified_gmt":"2024-12-04T10:05:00","slug":"cookie-richtlinie","status":"publish","type":"page","link":"https:\/\/dragonfulfill.com\/de\/cookie-richtlinie\/","title":{"rendered":"Cookie-Richtlinie"},"content":{"rendered":"<div data-elementor-type=\"wp-page\" data-elementor-id=\"5574\" class=\"elementor elementor-5574\" data-elementor-post-type=\"page\">\n\t\t\t\t<div class=\"elementor-element elementor-element-5855ead e-flex e-con-boxed e-con e-parent\" data-id=\"5855ead\" data-element_type=\"container\" data-settings=\"{&quot;ekit_has_onepagescroll_dot&quot;:&quot;yes&quot;}\">\n\t\t\t\t\t<div class=\"e-con-inner\">\n\t\t\t\t<div class=\"elementor-element elementor-element-71bbc05d elementor-widget elementor-widget-text-editor\" data-id=\"71bbc05d\" data-element_type=\"widget\" data-settings=\"{&quot;ekit_we_effect_on&quot;:&quot;none&quot;}\" data-widget_type=\"text-editor.default\">\n\t\t\t\t<div class=\"elementor-widget-container\">\n\t\t\t\t\t\t\t\t\t\n<h3 class=\"wp-block-heading\">Cookie-Richtlinie<\/h3>\n\n<p>\u00a0<\/p>\n<p><strong>Zuletzt aktualisiert:<\/strong> 11.23. 2024<\/p>\n\n<p>DragonFulfill (\u201cwir\u201d, \u201cuns\u201d oder \u201cunser\u201d) verwendet Cookies auf der\u00a0<a href=\"https:\/\/dragonfulfill.com\/de\/\" target=\"_blank\" rel=\"noopener\">https:\/\/dragonfulfill.com<\/a> Website (der \u201cDienst\u201d). Durch die Nutzung des Dienstes stimmen Sie der Verwendung von Cookies zu.<\/p>\n\n<p>Diese Cookie-Richtlinie erl\u00e4utert, was Cookies sind, wie wir sie verwenden, wie Drittanbieter Cookies im Rahmen des Dienstes verwenden k\u00f6nnen, welche Wahlm\u00f6glichkeiten Sie in Bezug auf Cookies haben und enth\u00e4lt weitere Informationen zu Cookies.<\/p>\n<hr class=\"wp-block-separator has-alpha-channel-opacity\" \/>\n<h4 class=\"wp-block-heading\">Was sind Cookies?<\/h4>\n\n<p>Cookies sind kleine Textdateien, die von Ihrem Webbrowser von einer von Ihnen besuchten Website gesendet werden. Sie werden in Ihrem Browser gespeichert und erm\u00f6glichen es dem Dienst oder einem Dritten, Sie wiederzuerkennen, wodurch Ihr Erlebnis bei sp\u00e4teren Besuchen verbessert wird.<\/p>\n\n<p>Cookies k\u00f6nnen entweder sein:<\/p>\n\n<ul class=\"wp-block-list\">\n<li><strong>Persistente Cookies<\/strong>Diese bleiben auf Ihrem Computer oder Mobilger\u00e4t gespeichert, wenn Sie offline gehen.<\/li>\n\n<li><strong>Sitzungscookies<\/strong>Diese werden gel\u00f6scht, wenn Sie Ihren Webbrowser schlie\u00dfen.<\/li>\n<\/ul>\n<hr class=\"wp-block-separator has-alpha-channel-opacity\" \/>\n<h4 class=\"wp-block-heading\">Wie DragonFulfill Cookies verwendet<\/h4>\n\n<p>Wenn Sie unseren Dienst nutzen und darauf zugreifen, k\u00f6nnen wir zahlreiche Cookies in Ihrem Webbrowser platzieren. Diese Cookies helfen uns dabei, Ihnen ein nahtloses Erlebnis zu bieten und die Funktionalit\u00e4t unseres Dienstes sicherzustellen.<\/p>\n\n<p>Wir verwenden Cookies f\u00fcr folgende Zwecke:<\/p>\n\n<ul class=\"wp-block-list\">\n<li><strong>Um bestimmte wesentliche Funktionen zu aktivieren<\/strong> des Dienstes.<\/li>\n\n<li><strong>Analysen bereitstellen<\/strong> zur Verbesserung unseres Service.<\/li>\n\n<li><strong>Um Ihre Einstellungen zu speichern<\/strong> und passen Sie Ihre Erfahrung individuell an.<\/li>\n\n<li><strong>Um die Auslieferung von Werbung zu erm\u00f6glichen<\/strong>, einschlie\u00dflich auf Ihre Interessen zugeschnittener verhaltensbasierter Werbung.<\/li>\n<\/ul>\n<hr class=\"wp-block-separator has-alpha-channel-opacity\" \/>\n<h4 class=\"wp-block-heading\">Cookies von Drittanbietern<\/h4>\n\n<p>Zus\u00e4tzlich zu unseren eigenen Cookies k\u00f6nnen wir auch Cookies von vertrauensw\u00fcrdigen Drittanbietern verwenden, um:<\/p>\n\n<ul class=\"wp-block-list\">\n<li>Nutzungsstatistiken verfolgen und analysieren.<\/li>\n\n<li>Liefern Sie Werbung \u00fcber Affiliate-Netzwerke oder Werbeplattformen.<\/li>\n\n<li>Bieten Sie zus\u00e4tzliche Funktionen durch Integrationen oder Plug-ins.<\/li>\n<\/ul>\n<hr class=\"wp-block-separator has-alpha-channel-opacity\" \/>\n<h4 class=\"wp-block-heading\">Ihre Auswahlm\u00f6glichkeiten in Bezug auf Cookies<\/h4>\n\n<p>Wenn Sie Cookies l\u00f6schen oder Ihren Webbrowser anweisen m\u00f6chten, Cookies abzulehnen, lesen Sie bitte die Hilfe-Funktion Ihres Browsers. Beachten Sie jedoch, dass die Deaktivierung von Cookies die Funktionalit\u00e4t bestimmter Funktionen unserer Website beeintr\u00e4chtigen kann.<\/p>\n\n<p>Hilfreiche Anleitungen zum Verwalten von Cookies in g\u00e4ngigen Browsern:<\/p>\n\n<ul class=\"wp-block-list\">\n<li>F\u00fcr <strong>Chrom<\/strong>, besuchen Sie die <a>Google Chrome-Hilfeseite<\/a>.<\/li>\n\n<li>F\u00fcr <strong>Internet Explorer<\/strong>, besuchen Sie die <a href=\"https:\/\/support.microsoft.com\/en-us\/help\/278835\" target=\"_blank\" rel=\"noopener\">Microsoft-Hilfeseite<\/a>.<\/li>\n\n<li>F\u00fcr <strong>Firefox<\/strong>, besuchen Sie die <a href=\"https:\/\/support.mozilla.org\/en-US\/kb\/clear-cookies-and-site-data-firefox\" target=\"_blank\" rel=\"noopener\">Mozilla Firefox-Hilfeseite<\/a>.<\/li>\n\n<li>F\u00fcr <strong>Safari<\/strong>, besuchen Sie die <a href=\"https:\/\/support.apple.com\/guide\/safari\/manage-cookies-and-website-data-sfri11471\/mac\" target=\"_blank\" rel=\"noopener\">Apple-Hilfeseite<\/a>.<\/li>\n<\/ul>\n<hr class=\"wp-block-separator has-alpha-channel-opacity\" \/>\n<h4 class=\"wp-block-heading\">Weitere Informationen<\/h4>\n\n<p>Weitere Informationen zu Cookies und deren Verwaltung oder Deaktivierung finden Sie unter <a href=\"https:\/\/www.allaboutcookies.org\" target=\"_blank\" rel=\"noopener\">Alles \u00fcber Cookies<\/a>.<\/p>\n\n<p>Wenn Sie Fragen zu unserer Verwendung von Cookies oder anderen Technologien haben, senden Sie uns bitte eine E-Mail an doreen@dragonfulfill.com.<\/p>\n\t\t\t\t\t\t\t\t<\/div>\n\t\t\t\t<\/div>\n\t\t\t\t\t<\/div>\n\t\t\t\t<\/div>\n\t\t\t\t<\/div>","protected":false},"excerpt":{"rendered":"<p>Cookies Policy \u00a0 Last updated: 11.23. 2024 DragonFulfill (&#8220;us,&#8221; &#8220;we,&#8221; or &#8220;our&#8221;) uses cookies on the\u00a0https:\/\/dragonfulfill.com website (the &#8220;Service&#8221;).\u00a0By using the Service, you consent to the use of cookies. This Cookies Policy explains what cookies are, how we use them, how third-party partners may use cookies on the Service, your choices regarding cookies, and additional [&hellip;]<\/p>","protected":false},"author":1,"featured_media":0,"parent":0,"menu_order":0,"comment_status":"closed","ping_status":"closed","template":"","meta":{"postBodyCss":"","postBodyMargin":[],"postBodyPadding":[],"postBodyBackground":{"backgroundType":"classic","gradient":""},"footnotes":""},"class_list":["post-5574","page","type-page","status-publish","hentry"],"_links":{"self":[{"href":"https:\/\/dragonfulfill.com\/de\/wp-json\/wp\/v2\/pages\/5574","targetHints":{"allow":["GET"]}}],"collection":[{"href":"https:\/\/dragonfulfill.com\/de\/wp-json\/wp\/v2\/pages"}],"about":[{"href":"https:\/\/dragonfulfill.com\/de\/wp-json\/wp\/v2\/types\/page"}],"author":[{"embeddable":true,"href":"https:\/\/dragonfulfill.com\/de\/wp-json\/wp\/v2\/users\/1"}],"replies":[{"embeddable":true,"href":"https:\/\/dragonfulfill.com\/de\/wp-json\/wp\/v2\/comments?post=5574"}],"version-history":[{"count":7,"href":"https:\/\/dragonfulfill.com\/de\/wp-json\/wp\/v2\/pages\/5574\/revisions"}],"predecessor-version":[{"id":5700,"href":"https:\/\/dragonfulfill.com\/de\/wp-json\/wp\/v2\/pages\/5574\/revisions\/5700"}],"wp:attachment":[{"href":"https:\/\/dragonfulfill.com\/de\/wp-json\/wp\/v2\/media?parent=5574"}],"curies":[{"name":"wp","href":"https:\/\/api.w.org\/{rel}","templated":true}]}}