{"id":4538,"date":"2024-09-20T03:25:25","date_gmt":"2024-09-20T02:25:25","guid":{"rendered":"https:\/\/dragonfulfill.com\/?page_id=4538"},"modified":"2025-03-22T16:00:03","modified_gmt":"2025-03-22T16:00:03","slug":"datenschutzbestimmungen","status":"publish","type":"page","link":"https:\/\/dragonfulfill.com\/de\/datenschutzbestimmungen\/","title":{"rendered":"Datenschutzbestimmungen"},"content":{"rendered":"<div data-elementor-type=\"wp-page\" data-elementor-id=\"4538\" class=\"elementor elementor-4538\" data-elementor-post-type=\"page\">\n\t\t\t\t<div class=\"elementor-element elementor-element-726b8397 e-flex e-con-boxed e-con e-parent\" data-id=\"726b8397\" data-element_type=\"container\" data-settings=\"{&quot;background_background&quot;:&quot;gradient&quot;,&quot;ekit_has_onepagescroll_dot&quot;:&quot;yes&quot;}\">\n\t\t\t\t\t<div class=\"e-con-inner\">\n\t\t<div class=\"elementor-element elementor-element-a6cb65a e-flex e-con-boxed e-con e-child\" data-id=\"a6cb65a\" data-element_type=\"container\" data-settings=\"{&quot;ekit_has_onepagescroll_dot&quot;:&quot;yes&quot;}\">\n\t\t\t\t\t<div class=\"e-con-inner\">\n\t\t\t\t<div class=\"elementor-element elementor-element-5cb62ec8 elementor-invisible elementor-widget elementor-widget-heading\" data-id=\"5cb62ec8\" data-element_type=\"widget\" data-settings=\"{&quot;_animation&quot;:&quot;fadeInUp&quot;,&quot;ekit_we_effect_on&quot;:&quot;none&quot;}\" data-widget_type=\"heading.default\">\n\t\t\t\t<div class=\"elementor-widget-container\">\n\t\t\t\t\t<h1 class=\"elementor-heading-title elementor-size-default\">Datenschutzbestimmungen<\/h1>\t\t\t\t<\/div>\n\t\t\t\t<\/div>\n\t\t\t\t\t<\/div>\n\t\t\t\t<\/div>\n\t\t\t\t\t<\/div>\n\t\t\t\t<\/div>\n\t\t<div class=\"elementor-element elementor-element-33848a37 e-flex e-con-boxed e-con e-parent\" data-id=\"33848a37\" data-element_type=\"container\" data-settings=\"{&quot;ekit_has_onepagescroll_dot&quot;:&quot;yes&quot;}\">\n\t\t\t\t\t<div class=\"e-con-inner\">\n\t\t\t\t<div class=\"elementor-element elementor-element-327f7c4a elementor-widget elementor-widget-text-editor\" data-id=\"327f7c4a\" data-element_type=\"widget\" data-settings=\"{&quot;ekit_we_effect_on&quot;:&quot;none&quot;}\" data-widget_type=\"text-editor.default\">\n\t\t\t\t<div class=\"elementor-widget-container\">\n\t\t\t\t\t\t\t\t\t<p><\/p>\n<p>Ihre Privatsph\u00e4re ist uns wichtig. DragonFulfill respektiert Ihre Privatsph\u00e4re und h\u00e4lt sich an die geltenden Gesetze und Vorschriften in Bezug auf alle pers\u00f6nlichen Daten, die wir \u00fcber Sie sammeln, auch auf unserer Website, <a href=\"https:\/\/dragonfulfill.com\/de\/\">https:\/\/dragonfulfill.com<\/a>, und andere Websites, die wir besitzen und betreiben.<\/p>\n<p><\/p>\n<p><\/p>\n<p>Diese Richtlinie ist ab dem 20. September 2024 g\u00fcltig und wurde zuletzt am 20. September 2024 aktualisiert.<\/p>\n<p><\/p>\n<p><\/p>\n<h3 class=\"wp-block-heading\">Gesammelte Informationen<\/h3>\n<p><\/p>\n<p><\/p>\n<p>Wir erfassen Informationen, die Sie bei der Nutzung unserer Dienste wissentlich und aktiv bereitstellen, sowie Daten, die automatisch von Ihren Ger\u00e4ten gesendet werden, wenn Sie auf unsere Produkte oder Dienste zugreifen.<\/p>\n<p><\/p>\n<p><\/p>\n<h4 class=\"wp-block-heading\">Protokolldaten<\/h4>\n<p><\/p>\n<p><\/p>\n<p>Wenn Sie unsere Website besuchen, k\u00f6nnen unsere Server automatisch Standarddaten protokollieren, die von Ihrem Webbrowser bereitgestellt werden. Dazu geh\u00f6ren die IP-Adresse Ihres Ger\u00e4ts, der Typ und die Version Ihres Browsers, die von Ihnen besuchten Seiten, die Uhrzeit und das Datum Ihres Besuchs, die auf jeder Seite verbrachte Zeit und andere Details. Diese Daten k\u00f6nnen Sie zwar nicht identifizieren, aber sie k\u00f6nnen mit anderen Informationen kombiniert werden, um einzelne Nutzer zu identifizieren.<\/p>\n<p><\/p>\n<p><\/p>\n<h4 class=\"wp-block-heading\">Pers\u00f6nliche Informationen<\/h4>\n<p><\/p>\n<p><\/p>\n<p>Wir k\u00f6nnen nach pers\u00f6nlichen Informationen fragen, wie zum Beispiel:<\/p>\n<p><\/p>\n<p><\/p>\n<ul class=\"wp-block-list\">\n<li style=\"list-style-type: none;\">\n<ul><\/ul>\n<\/li>\n<\/ul>\n<p>\u00a0<\/p>\n<ul>\n<li style=\"list-style-type: none;\">\n<ul>\n<li>Name<\/li>\n<\/ul>\n<\/li>\n<\/ul>\n<p><\/p>\n<p><\/p>\n<ul>\n<li style=\"list-style-type: none;\">\n<ul>\n<li>E-Mail Adresse<\/li>\n<\/ul>\n<\/li>\n<\/ul>\n<p><\/p>\n<p><\/p>\n<p><\/p>\n<h3 class=\"wp-block-heading\">Legitime Gr\u00fcnde f\u00fcr die Verarbeitung Ihrer pers\u00f6nlichen Daten<\/h3>\n<p><\/p>\n<p><\/p>\n<p>Wir sammeln und verwenden Ihre pers\u00f6nlichen Daten nur, wenn wir einen legitimen Grund daf\u00fcr haben. Wir sammeln Informationen, die f\u00fcr die Erbringung unserer Dienstleistungen f\u00fcr Sie notwendig sind.<\/p>\n<p><\/p>\n<p><\/p>\n<h3 class=\"wp-block-heading\">Sammlung und Verwendung von Informationen<\/h3>\n<p><\/p>\n<p><\/p>\n<p>Wir k\u00f6nnen pers\u00f6nliche Informationen von Ihnen sammeln, wenn Sie:<\/p>\n<p><\/p>\n<p><\/p>\n<ul class=\"wp-block-list\">\n<li style=\"list-style-type: none;\">\n<ul><\/ul>\n<\/li>\n<\/ul>\n<p>\u00a0<\/p>\n<ul>\n<li style=\"list-style-type: none;\">\n<ul>\n<li>Zugriff auf unsere Inhalte \u00fcber ein mobiles Ger\u00e4t oder einen Webbrowser<\/li>\n<\/ul>\n<\/li>\n<\/ul>\n<p><\/p>\n<p><\/p>\n<ul>\n<li style=\"list-style-type: none;\">\n<ul>\n<li>Kontaktieren Sie uns per E-Mail, \u00fcber soziale Medien oder \u00e4hnliche Technologien<\/li>\n<\/ul>\n<\/li>\n<\/ul>\n<p><\/p>\n<p><\/p>\n<ul>\n<li style=\"list-style-type: none;\">\n<ul>\n<li>Interagieren Sie mit uns oder erw\u00e4hnen Sie uns in den sozialen Medien<\/li>\n<\/ul>\n<\/li>\n<\/ul>\n<p><\/p>\n<p><\/p>\n<p><\/p>\n<p>Wir sind berechtigt, personenbezogene Daten f\u00fcr die folgenden Zwecke zu erfassen, zu speichern, zu verwenden und weiterzugeben:<\/p>\n<p><\/p>\n<p><\/p>\n<ul class=\"wp-block-list\">\n<li style=\"list-style-type: none;\">\n<ul><\/ul>\n<\/li>\n<\/ul>\n<p>\u00a0<\/p>\n<ul>\n<li style=\"list-style-type: none;\">\n<ul>\n<li>Zur Anpassung oder Personalisierung Ihrer Erfahrung mit unserer Website<\/li>\n<\/ul>\n<\/li>\n<\/ul>\n<p><\/p>\n<p><\/p>\n<ul>\n<li style=\"list-style-type: none;\">\n<ul>\n<li>F\u00fcr Analysen, Marktforschung und Gesch\u00e4ftsentwicklung, einschlie\u00dflich des Betriebs und der Verbesserung unserer Website und Dienstleistungen<\/li>\n<\/ul>\n<\/li>\n<\/ul>\n<p><\/p>\n<p><\/p>\n<p><\/p>\n<h3 class=\"wp-block-heading\">Sicherheit Ihrer pers\u00f6nlichen Daten<\/h3>\n<p><\/p>\n<p><\/p>\n<p>Wir sch\u00fctzen die von uns gesammelten und verarbeiteten personenbezogenen Daten, indem wir handels\u00fcbliche Mittel einsetzen, um unbefugten Zugriff, Offenlegung, Kopieren, Verwendung oder \u00c4nderung zu verhindern. Allerdings ist keine Methode der elektronischen \u00dcbertragung oder Speicherung 100% sicher, so dass wir keine absolute Datensicherheit garantieren k\u00f6nnen.<\/p>\n<p><\/p>\n<p><\/p>\n<h3 class=\"wp-block-heading\">Wie lange wir Ihre pers\u00f6nlichen Informationen aufbewahren<\/h3>\n<p><\/p>\n<p><\/p>\n<p>Wir bewahren Ihre pers\u00f6nlichen Daten nur so lange wie n\u00f6tig auf. Wir werden sie l\u00f6schen oder anonymisieren, wenn sie nicht mehr ben\u00f6tigt werden. Wir k\u00f6nnen jedoch Daten aufbewahren, um gesetzlichen Verpflichtungen, \u00f6ffentlichem Interesse, Forschungs- oder statistischen Zwecken nachzukommen.<\/p>\n<p><\/p>\n<p><\/p>\n<h3 class=\"wp-block-heading\">Datenschutz f\u00fcr Kinder<\/h3>\n<p><\/p>\n<p><\/p>\n<p>Unsere Dienste richten sich nicht an Kinder unter 13 Jahren, und wir erfassen nicht wissentlich pers\u00f6nliche Daten von Kindern unter 13 Jahren.<\/p>\n<p><\/p>\n<p><\/p>\n<h3 class=\"wp-block-heading\">Internationale \u00dcbermittlung von pers\u00f6nlichen Daten<\/h3>\n<p><\/p>\n<p><\/p>\n<p>Es kann sein, dass wir Ihre Daten an Orten au\u00dferhalb Ihres Heimatlandes speichern oder verarbeiten, f\u00fcr die m\u00f6glicherweise andere Datenschutzgesetze gelten. Wenn Ihre personenbezogenen Daten ins Ausland \u00fcbermittelt werden, werden wir sie wie in dieser Richtlinie beschrieben sch\u00fctzen.<\/p>\n<p><\/p>\n<p><\/p>\n<h3 class=\"wp-block-heading\">Ihre Rechte und die Kontrolle Ihrer pers\u00f6nlichen Daten<\/h3>\n<p><\/p>\n<p><\/p>\n<p>Sie haben das Recht, personenbezogene Daten zur\u00fcckzuhalten, und k\u00f6nnen Auskunft \u00fcber alle personenbezogenen Daten verlangen, die wir \u00fcber Sie gespeichert haben. Sie k\u00f6nnen auch die Berichtigung oder L\u00f6schung Ihrer Daten verlangen, und wir werden angemessene Ma\u00dfnahmen ergreifen, um sicherzustellen, dass die Daten korrekt und aktuell sind.<\/p>\n<p><\/p>\n<p><\/p>\n<h3 class=\"wp-block-heading\">Verwendung von Cookies<\/h3>\n<p><\/p>\n<p><\/p>\n<p>Wir verwenden \u201cCookies\u201d, um Informationen \u00fcber Ihre Aktivit\u00e4ten auf unserer Website zu sammeln. Ein Cookie ist ein kleiner Datensatz, der auf Ihrem Ger\u00e4t gespeichert wird und es uns erm\u00f6glicht, Ihre Pr\u00e4ferenzen zu erkennen und Ihre Erfahrungen zu verbessern.<\/p>\n<p><\/p>\n<p><\/p>\n<h3 class=\"wp-block-heading\">Die Grenzen unserer Politik<\/h3>\n<p><\/p>\n<p><\/p>\n<p>Unsere Website kann Links zu externen Websites enthalten, die nicht von uns betrieben werden. Wir sind nicht verantwortlich f\u00fcr den Inhalt oder die Datenschutzpraktiken dieser Seiten.<\/p>\n<p><\/p>\n<p><\/p>\n<h3 class=\"wp-block-heading\">\u00c4nderungen an dieser Politik<\/h3>\n<p><\/p>\n<p><\/p>\n<p>Wir k\u00f6nnen diese Richtlinie aktualisieren, um \u00c4nderungen unserer Gesch\u00e4ftspraktiken oder gesetzlichen Anforderungen Rechnung zu tragen. Alle \u00c4nderungen werden an dieser Stelle ver\u00f6ffentlicht und Sie werden, wie gesetzlich vorgeschrieben, benachrichtigt.<\/p>\n<p><\/p>\n<p><\/p>\n<h3 class=\"wp-block-heading\">Kontakt<\/h3>\n<p><\/p>\n<p><\/p>\n<p>Wenn Sie Fragen oder Bedenken bez\u00fcglich Ihrer Privatsph\u00e4re haben, k\u00f6nnen Sie uns unter folgender Adresse kontaktieren:<\/p>\n<p><\/p>\n<p><\/p>\n<p>Doreen<br \/><a href=\"https:\/\/dragonfulfill.com\/de\/\">https:\/\/dragonfulfill.com<\/a><\/p>\n<p><\/p>\t\t\t\t\t\t\t\t<\/div>\n\t\t\t\t<\/div>\n\t\t\t\t\t<\/div>\n\t\t\t\t<\/div>\n\t\t\t\t<\/div>","protected":false},"excerpt":{"rendered":"<p>Privacy Policy Your privacy is important to us. DragonFulfill&#8217;s policy is to respect your privacy and comply with applicable laws and regulations regarding any personal information we may collect about you, including on our website, https:\/\/dragonfulfill.com, and other sites we own and operate. This policy is effective as of the 20th of September 2024 and [&hellip;]<\/p>","protected":false},"author":1,"featured_media":0,"parent":0,"menu_order":0,"comment_status":"closed","ping_status":"closed","template":"","meta":{"postBodyCss":"","postBodyMargin":[],"postBodyPadding":[],"postBodyBackground":{"backgroundType":"classic","gradient":""},"footnotes":""},"class_list":["post-4538","page","type-page","status-publish","hentry"],"_links":{"self":[{"href":"https:\/\/dragonfulfill.com\/de\/wp-json\/wp\/v2\/pages\/4538","targetHints":{"allow":["GET"]}}],"collection":[{"href":"https:\/\/dragonfulfill.com\/de\/wp-json\/wp\/v2\/pages"}],"about":[{"href":"https:\/\/dragonfulfill.com\/de\/wp-json\/wp\/v2\/types\/page"}],"author":[{"embeddable":true,"href":"https:\/\/dragonfulfill.com\/de\/wp-json\/wp\/v2\/users\/1"}],"replies":[{"embeddable":true,"href":"https:\/\/dragonfulfill.com\/de\/wp-json\/wp\/v2\/comments?post=4538"}],"version-history":[{"count":10,"href":"https:\/\/dragonfulfill.com\/de\/wp-json\/wp\/v2\/pages\/4538\/revisions"}],"predecessor-version":[{"id":5573,"href":"https:\/\/dragonfulfill.com\/de\/wp-json\/wp\/v2\/pages\/4538\/revisions\/5573"}],"wp:attachment":[{"href":"https:\/\/dragonfulfill.com\/de\/wp-json\/wp\/v2\/media?parent=4538"}],"curies":[{"name":"wp","href":"https:\/\/api.w.org\/{rel}","templated":true}]}}